{"id":1028,"date":"2023-12-26T07:53:32","date_gmt":"2023-12-26T00:53:32","guid":{"rendered":"http:\/\/localhost\/wordpress\/?page_id=1028"},"modified":"2025-06-14T13:28:33","modified_gmt":"2025-06-14T06:28:33","slug":"vietnamess-healthcare","status":"publish","type":"page","link":"https:\/\/museum.pctu.com.vn\/index.php\/language\/en\/vietnamess-healthcare\/","title":{"rendered":"Vietnamese Healthcare"},"content":{"rendered":"\t\t<div data-elementor-type=\"wp-page\" data-elementor-id=\"1028\" class=\"elementor elementor-1028\" data-elementor-post-type=\"page\">\n\t\t\t\t\t\t<section class=\"elementor-section elementor-top-section elementor-element elementor-element-51cc16f elementor-section-boxed elementor-section-height-default elementor-section-height-default\" data-id=\"51cc16f\" data-element_type=\"section\">\n\t\t\t\t\t\t<div class=\"elementor-container elementor-column-gap-default\">\n\t\t\t\t\t<div class=\"elementor-column elementor-col-100 elementor-top-column elementor-element elementor-element-77d4f96e\" data-id=\"77d4f96e\" data-element_type=\"column\">\n\t\t\t<div class=\"elementor-widget-wrap elementor-element-populated\">\n\t\t\t\t\t\t<div class=\"elementor-element elementor-element-55db8543 elementor-widget elementor-widget-text-editor\" data-id=\"55db8543\" data-element_type=\"widget\" data-widget_type=\"text-editor.default\">\n\t\t\t\t<div class=\"elementor-widget-container\">\n\t\t\t\t\t\t\t\t\t<style>\n<p>\t\t#list_69e922cd1d197 .wpucv-list article.wpucv-featured-post h2.wpucv-post-title {\n\t\t\t\t\t\tfont-size: 20px !important;<\/p>\n<p>\t\t\t\t\t\tline-height: 26px !important;<\/p>\n<p>\t\t\t\t\t\tfont-weight: 700 !important;\n\t\t\t\t\t}<\/p>\n<p>\t\t\t\t#list_69e922cd1d197 .wpucv-list article.wpucv-featured-post .wpucv-post-title,\n\t\t#list_69e922cd1d197 .wpucv-list article.wpucv-featured-post .wpucv-post-title a,\n\t\t#list_69e922cd1d197 .wpucv-list article.wpucv-featured-post .wpucv-post-title a:visited{\n\t\t\tcolor: #232323 !important;\n\t\t}<\/p>\n<p>\t\t\t\t#list_69e922cd1d197 .wpucv-list article.wpucv-featured-post .wpucv-post-title a:hover,\n\t\t#list_69e922cd1d197 .wpucv-list article.wpucv-featured-post .wpucv-post-title a:active {\n\t\t\tcolor: #232323 !important;\n\t\t}<\/p>\n<p>\t\t#list_69e922cd1d197 .wpucv-list article.wpucv-featured-post .wpucv-post-meta,\n\t\t#list_69e922cd1d197 .wpucv-list article.wpucv-featured-post .wpucv-post-meta a{\n\t\t\t\t\t\tfont-size: 12px !important;<\/p>\n<p>\t\t\t\t\t\tline-height: 16px !important;<\/p>\n<p>\t\t\t\t\t\tfont-weight: 400 !important;<\/p>\n<p>\t\t\t\t\t\tcolor: #888888 !important;\n\t\t\t\t\t}<\/p>\n<p>\t\t#list_69e922cd1d197 .wpucv-list article.wpucv-featured-post p.wpucv-excerpt{\n\t\t\t\t\t\tfont-size: 13px !important;<\/p>\n<p>\t\t\t\t\t\tline-height: 17px !important;<\/p>\n<p>\t\t\t\t\t\tfont-weight: 400 !important;<\/p>\n<p>\t\t\t\t\t\tcolor: #333333 !important;\n\t\t\t\t\t}<\/p>\n<p>\t\t#list_69e922cd1d197 .wpucv-list article.wpucv-featured-post a.wpucv-read-more,\n\t\t#list_69e922cd1d197 .wpucv-list article.wpucv-featured-post a.wpucv-read-more.wpucv-button{\n\t\t\t\t\t\tcolor: #FFFFFF !important;<\/p>\n<p>\t\t\t\t\t\tfont-size: 14px !important;<\/p>\n<p>\t\t\t\t\t\tline-height: 14px !important;<\/p>\n<p>\t\t\t\t\t\tfont-weight: 400 !important;<\/p>\n<p>\t\t\t-webkit-transition: all 0.7s !important;\n\t\t\t-moz-transition: all 0.7s !important;\n\t\t\t-o-transition: all 0.7s !important;\n\t\t\ttransition: all 0.7s !important;\n\t\t}<\/p>\n<p>\t\t\t\t#list_69e922cd1d197 .wpucv-list article.wpucv-featured-post a.wpucv-read-more,\n\t\t#list_69e922cd1d197 .wpucv-list article.wpucv-featured-post a.wpucv-read-more.wpucv-button{\n\t\t\tbackground-color: #5e5e5e !important;\n\t\t}<\/p>\n<p>\t\t\t\t#list_69e922cd1d197 .wpucv-list article.wpucv-featured-post a.wpucv-read-more:hover,\n\t\t#list_69e922cd1d197 .wpucv-list article.wpucv-featured-post a.wpucv-read-more:active,\n\t\t#list_69e922cd1d197 .wpucv-list article.wpucv-featured-post a.wpucv-read-more.wpucv-button:hover,\n\t\t#list_69e922cd1d197 .wpucv-list article.wpucv-featured-post a.wpucv-read-more.wpucv-button:active{\n\t\t\tcolor: #FFFFFF !important;\n\t\t}<\/p>\n<p>\t\t\t\t#list_69e922cd1d197 .wpucv-list article.wpucv-featured-post a.wpucv-read-more.wpucv-button:hover,\n\t\t#list_69e922cd1d197 .wpucv-list article.wpucv-featured-post a.wpucv-read-more.wpucv-button:active{\n\t\t\tbackground-color: #5e5e5e !important;\n\t\t}<\/p>\n<p>\t\t#list_69e922cd1d197 .wpucv-list article h2.wpucv-post-title{\n\t\t\t\t\t\tfont-size: 20px !important;<\/p>\n<p>\t\t\t\t\t\tline-height: 26px !important;<\/p>\n<p>\t\t\t\t\t\tfont-weight: 700 !important;\n\t\t\t\t\t}<\/p>\n<p>\t\t\t\t#list_69e922cd1d197 .wpucv-list article .wpucv-post-title,\n\t\t#list_69e922cd1d197 .wpucv-list article .wpucv-post-title a,\n\t\t#list_69e922cd1d197 .wpucv-list article .wpucv-post-title a:visited{\n\t\t\tcolor: #232323 !important;\n\t\t}<\/p>\n<p>\t\t\t\t#list_69e922cd1d197 .wpucv-list article .wpucv-post-title a:hover,\n\t\t#list_69e922cd1d197 .wpucv-list article .wpucv-post-title a:active {\n\t\t\tcolor: #232323 !important;\n\t\t}<\/p>\n<p>\t\t#list_69e922cd1d197 .wpucv-list article .wpucv-post-meta{\n\t\t\t\t\t\tfont-size: 12px !important;<\/p>\n<p>\t\t\t\t\t\tline-height: 16px !important;<\/p>\n<p>\t\t\t\t\t\tfont-weight: 400 !important;\n\t\t\t\t\t}<\/p>\n<p>\t\t\t\t#list_69e922cd1d197 .wpucv-list article .wpucv-post-meta,\n\t\t#list_69e922cd1d197 .wpucv-list article .wpucv-post-meta a,\n\t\t#list_69e922cd1d197 .wpucv-list article .wpucv-post-meta a:visited,\n\t\t#list_69e922cd1d197 .wpucv-list article .wpucv-post-meta a:hover,\n\t\t#list_69e922cd1d197 .wpucv-list article .wpucv-post-meta a:active{\n\t\t\tcolor: #888888 !important;\n\t\t}<\/p>\n<p>\t\t#list_69e922cd1d197 .wpucv-list article p.wpucv-excerpt{\n\t\t\t\t\t\tfont-size: 13px !important;<\/p>\n<p>\t\t\t\t\t\tline-height: 17px !important;<\/p>\n<p>\t\t\t\t\t\tfont-weight: 400 !important;<\/p>\n<p>\t\t\t\t\t\tcolor: #333333 !important;\n\t\t\t\t\t}<\/p>\n<p>\t\t#list_69e922cd1d197 .wpucv-list article a.wpucv-read-more,\n\t\t#list_69e922cd1d197 .wpucv-list article a.wpucv-read-more.wpucv-button{\n\t\t\t\t\t\tcolor: #FFFFFF !important;<\/p>\n<p>\t\t\t\t\t\tfont-size: 14px !important;<\/p>\n<p>\t\t\t\t\t\tline-height: 14px !important;<\/p>\n<p>\t\t\t\t\t\tfont-weight: 400 !important;<\/p>\n<p>\t\t\t-webkit-transition: all 0.7s !important;\n\t\t\t-moz-transition: all 0.7s !important;\n\t\t\t-o-transition: all 0.7s !important;\n\t\t\ttransition: all 0.7s !important;\n\t\t}<\/p>\n<p>\t\t\t\t#list_69e922cd1d197 .wpucv-list article a.wpucv-read-more.wpucv-button{\n\t\t\tbackground-color: #5e5e5e !important;\n\t\t}<\/p>\n<p>\t\t\t\t#list_69e922cd1d197 .wpucv-list article a.wpucv-read-more:hover,\n\t\t#list_69e922cd1d197 .wpucv-list article a.wpucv-read-more:active,\n\t\t#list_69e922cd1d197 .wpucv-list article a.wpucv-read-more.wpucv-button:hover,\n\t\t#list_69e922cd1d197 .wpucv-list article a.wpucv-read-more.wpucv-button:active{\n\t\t\tcolor: #FFFFFF !important;\n\t\t}<\/p>\n<p>\t\t\t\t#list_69e922cd1d197 .wpucv-list article a.wpucv-read-more.wpucv-button:hover,\n\t\t#list_69e922cd1d197 .wpucv-list article a.wpucv-read-more.wpucv-button:active{\n\t\t\tbackground-color: #5e5e5e !important;\n\t\t}<\/p>\n<p>\t\t#list_69e922cd1d197 .wpucv-pagination-wrapper .wpucv-pagination li a{\n\t\t\t\t\t\tcolor: #FFFFFF !important;<\/p>\n<p>\t\t\t\t\t\tbackground-color: #4584ED !important;\n\t\t\t\t\t}<\/p>\n<p>\t\t#list_69e922cd1d197 .wpucv-pagination-wrapper .wpucv-pagination li a:hover,\n\t\t#list_69e922cd1d197 .wpucv-pagination-wrapper .wpucv-pagination li span{\n\t\t\t\t\t\tcolor: #FFFFFF !important;<\/p>\n<p>\t\t\t\t\t\tbackground-color: #adadad !important;\n\t\t\t\t\t}<\/p>\n<p>\t\t\t\t#list_69e922cd1d197 .wpucv-list.wpucv-style06 article {\n\t\t\t text-align: center;\n\t\t}<\/p>\n<p>\t\t\t\t#list_69e922cd1d197 .wpucv-list.wpucv-style02 article {\n\t\t\tpadding-left: 10px !important;\n\t\t\tpadding-right: 10px !important;\n\t\t}<\/p>\n<p>\t\t\t\t#list_69e922cd1d197 .wpucv-list.wpucv-style02 article {\n\t\t\tpadding-top: 10px !important;\n\t\t\tpadding-bottom: 10px !important;\n\t\t}<\/p>\n<p>\t\t\t\t#list_69e922cd1d197 .wpucv-list.wpucv-style05 .cell {\n\t\t\tpadding: 5px !important;\n\t\t}<\/p>\n<\/style>\n<div class=\"wpucv\" id=\"list_69e922cd1d197\">\n<div class=\"wpucv-list-wrapper\">\n<div class=\"wpucv-list wpucv-style01\">\n<article id=\"post-2686\" class=\"clearfix\" itemscope itemtype=\"http:\/\/schema.org\/Article\">\n<h2 class=\"wpucv-post-title\" itemprop=\"name headline\">\n\t\t\t\t\t<a href=\"https:\/\/museum.pctu.com.vn\/index.php\/language\/en\/2026\/01\/05\/successful-surgery-of-a-5-kg-uterine-fibroid\/\">SUCCESSFUL SURGERY OF A 5-KG UTERINE FIBROID<\/a><br \/>\n\t\t\t\t<\/h2>\n<div class=\"wpucv-post-meta\"><a href=\"https:\/\/museum.pctu.com.vn\/index.php\/author\/romnguyendinh\/\" title=\"Posts by rom@nguyendinh\" rel=\"author\">rom@nguyendinh<\/a>&nbsp;|&nbsp;<time datetime=\"2026-01-05\">January 5, 2026<\/time><\/div>\n<div class=\"clearfix\">\n\t\t\t\t\t<a class=\"wpucv-image-link-wrapper\" href=\"https:\/\/museum.pctu.com.vn\/index.php\/language\/en\/2026\/01\/05\/successful-surgery-of-a-5-kg-uterine-fibroid\/\" title=\"SUCCESSFUL SURGERY OF A 5-KG UTERINE FIBROID\"><br \/>\n\t\t\t\t\t\t\t\t\t\t\t\t\t<img decoding=\"async\" class=\"wpucv-image-responsive\" src=\"https:\/\/museum.pctu.com.vn\/wp-content\/uploads\/2026\/01\/u1-320x170.jpg\" title=\"SUCCESSFUL SURGERY OF A 5-KG UTERINE FIBROID\" alt=\"SUCCESSFUL SURGERY OF A 5-KG UTERINE FIBROID\" itemprop=\"image\"><br \/>\n\t\t\t\t\t\t\t\t\t\t\t<\/a><\/p>\n<p class=\"wpucv-excerpt\">On October 15, 2024, doctors at Tam Tri Da Nang Hospital successfully performed surgery on a female patient with a&hellip;<\/p>\n<\/p><\/div>\n<\/article>\n<article id=\"post-2665\" class=\"clearfix\" itemscope itemtype=\"http:\/\/schema.org\/Article\">\n<h2 class=\"wpucv-post-title\" itemprop=\"name headline\">\n\t\t\t\t\t<a href=\"https:\/\/museum.pctu.com.vn\/index.php\/language\/en\/2025\/10\/25\/vietnam-successfully-develops-who-standard-sars-cov-2-detection-kit\/\">Vietnam Successfully Develops WHO-Standard SARS-CoV-2 Detection Kit<\/a><br \/>\n\t\t\t\t<\/h2>\n<div class=\"wpucv-post-meta\"><a href=\"https:\/\/museum.pctu.com.vn\/index.php\/author\/romnguyendinh\/\" title=\"Posts by rom@nguyendinh\" rel=\"author\">rom@nguyendinh<\/a>&nbsp;|&nbsp;<time datetime=\"2025-10-25\">October 25, 2025<\/time><\/div>\n<div class=\"clearfix\">\n\t\t\t\t\t<a class=\"wpucv-image-link-wrapper\" href=\"https:\/\/museum.pctu.com.vn\/index.php\/language\/en\/2025\/10\/25\/vietnam-successfully-develops-who-standard-sars-cov-2-detection-kit\/\" title=\"Vietnam Successfully Develops WHO-Standard SARS-CoV-2 Detection Kit\"><br \/>\n\t\t\t\t\t\t\t\t\t\t\t<\/a><\/p>\n<p class=\"wpucv-excerpt\">The SARS-CoV-2 detection kit developed by the Institute of Biotechnology has been successfully tested and meets WHO standards, enabling Vietnam&hellip;<\/p>\n<\/p><\/div>\n<\/article>\n<article id=\"post-2137\" class=\"clearfix\" itemscope itemtype=\"http:\/\/schema.org\/Article\">\n<h2 class=\"wpucv-post-title\" itemprop=\"name headline\">\n\t\t\t\t\t<a href=\"https:\/\/museum.pctu.com.vn\/index.php\/language\/en\/2025\/04\/23\/traditional-herb-grinding-boat-a-nostalgic-emblem-of-eastern-medicine\/\">Traditional Herb-Grinding Boat \u2013 A Nostalgic Emblem of Eastern Medicine<\/a><br \/>\n\t\t\t\t<\/h2>\n<div class=\"wpucv-post-meta\"><a href=\"https:\/\/museum.pctu.com.vn\/index.php\/author\/romnguyendinh\/\" title=\"Posts by rom@nguyendinh\" rel=\"author\">rom@nguyendinh<\/a>&nbsp;|&nbsp;<time datetime=\"2025-04-23\">April 23, 2025<\/time><\/div>\n<div class=\"clearfix\">\n\t\t\t\t\t<a class=\"wpucv-image-link-wrapper\" href=\"https:\/\/museum.pctu.com.vn\/index.php\/language\/en\/2025\/04\/23\/traditional-herb-grinding-boat-a-nostalgic-emblem-of-eastern-medicine\/\" title=\"Traditional Herb-Grinding Boat \u2013 A Nostalgic Emblem of Eastern Medicine\"><br \/>\n\t\t\t\t\t\t\t\t\t\t\t\t\t<img decoding=\"async\" class=\"wpucv-image-responsive\" src=\"https:\/\/museum.pctu.com.vn\/wp-content\/uploads\/2025\/04\/2-320x170.webp\" title=\"Traditional Herb-Grinding Boat \u2013 A Nostalgic Emblem of Eastern Medicine\" alt=\"Traditional Herb-Grinding Boat \u2013 A Nostalgic Emblem of Eastern Medicine\" itemprop=\"image\"><br \/>\n\t\t\t\t\t\t\t\t\t\t\t<\/a><\/p>\n<p class=\"wpucv-excerpt\">Introduction Within the treasure trove of Vietnam\u2019s traditional medical heritage, the image of the herb-grinding boat (thuy\u1ec1n t\u00e1n thu\u1ed1c) stands&hellip;<\/p>\n<\/p><\/div>\n<\/article>\n<article id=\"post-2119\" class=\"clearfix\" itemscope itemtype=\"http:\/\/schema.org\/Article\">\n<h2 class=\"wpucv-post-title\" itemprop=\"name headline\">\n\t\t\t\t\t<a href=\"https:\/\/museum.pctu.com.vn\/index.php\/language\/en\/2025\/02\/06\/apollo-medical-museum\/\">APOLLO MEDICAL MUSEUM<\/a><br \/>\n\t\t\t\t<\/h2>\n<div class=\"wpucv-post-meta\"><a href=\"https:\/\/museum.pctu.com.vn\/index.php\/author\/romnguyendinh\/\" title=\"Posts by rom@nguyendinh\" rel=\"author\">rom@nguyendinh<\/a>&nbsp;|&nbsp;<time datetime=\"2025-02-06\">February 6, 2025<\/time><\/div>\n<div class=\"clearfix\">\n\t\t\t\t\t<a class=\"wpucv-image-link-wrapper\" href=\"https:\/\/museum.pctu.com.vn\/index.php\/language\/en\/2025\/02\/06\/apollo-medical-museum\/\" title=\"APOLLO MEDICAL MUSEUM\"><br \/>\n\t\t\t\t\t\t\t\t\t\t\t\t\t<img decoding=\"async\" class=\"wpucv-image-responsive\" src=\"https:\/\/museum.pctu.com.vn\/wp-content\/uploads\/2024\/01\/Enscape_2023-10-19-09-48-43-scaled.jpg\" title=\"APOLLO MEDICAL MUSEUM\" alt=\"APOLLO MEDICAL MUSEUM\" itemprop=\"image\"><br \/>\n\t\t\t\t\t\t\t\t\t\t\t<\/a><\/p>\n<p class=\"wpucv-excerpt\">APOLLO MEDICAL MUSEUM \u2013 PHAN CHAU TRINH UNIVERSITY The Apollo Medical Museum is a harmonious blend of tradition and modernity,&hellip;<\/p>\n<\/p><\/div>\n<\/article>\n<article id=\"post-1789\" class=\"clearfix\" itemscope itemtype=\"http:\/\/schema.org\/Article\">\n<h2 class=\"wpucv-post-title\" itemprop=\"name headline\">\n\t\t\t\t\t<a href=\"https:\/\/museum.pctu.com.vn\/index.php\/language\/en\/2024\/06\/27\/dong-duong-medical-university-the-oldest-medical-university-in-viet-nam\/\">The Dong Duong Medical University-The Oldest Medical University In Viet Nam<\/a><br \/>\n\t\t\t\t<\/h2>\n<div class=\"wpucv-post-meta\"><a href=\"https:\/\/museum.pctu.com.vn\/index.php\/author\/romnguyendinh\/\" title=\"Posts by rom@nguyendinh\" rel=\"author\">rom@nguyendinh<\/a>&nbsp;|&nbsp;<time datetime=\"2024-06-27\">June 27, 2024<\/time><\/div>\n<div class=\"clearfix\">\n\t\t\t\t\t<a class=\"wpucv-image-link-wrapper\" href=\"https:\/\/museum.pctu.com.vn\/index.php\/language\/en\/2024\/06\/27\/dong-duong-medical-university-the-oldest-medical-university-in-viet-nam\/\" title=\"The Dong Duong Medical University-The Oldest Medical University In Viet Nam\"><br \/>\n\t\t\t\t\t\t\t\t\t\t\t\t\t<img decoding=\"async\" class=\"wpucv-image-responsive\" src=\"https:\/\/museum.pctu.com.vn\/wp-content\/uploads\/2024\/06\/y-khoa-dong-duong-320x170.jpg\" title=\"The Dong Duong Medical University-The Oldest Medical University In Viet Nam\" alt=\"The Dong Duong Medical University-The Oldest Medical University In Viet Nam\" itemprop=\"image\"><br \/>\n\t\t\t\t\t\t\t\t\t\t\t<\/a><\/p>\n<p class=\"wpucv-excerpt\">Hanoi Medical University (formerly known as \u00c9cole de M\u00e9decine de l\u2019Indochine (Indochina Medical School)) is the leading and oldest medical&hellip;<\/p>\n<\/p><\/div>\n<\/article>\n<article id=\"post-1195\" class=\"clearfix\" itemscope itemtype=\"http:\/\/schema.org\/Article\">\n<h2 class=\"wpucv-post-title\" itemprop=\"name headline\">\n\t\t\t\t\t<a href=\"https:\/\/museum.pctu.com.vn\/index.php\/language\/en\/2024\/01\/28\/le-huu-trac-the-forefather-of-the-vietnamese-medical-profession\/\">L\u00ea H\u1eefu Tr\u00e1c &#8211; The forefather of the Vietnamese medical profession.<\/a><br \/>\n\t\t\t\t<\/h2>\n<div class=\"wpucv-post-meta\"><a href=\"https:\/\/museum.pctu.com.vn\/index.php\/author\/romnguyendinh\/\" title=\"Posts by rom@nguyendinh\" rel=\"author\">rom@nguyendinh<\/a>&nbsp;|&nbsp;<time datetime=\"2024-01-28\">January 28, 2024<\/time><\/div>\n<div class=\"clearfix\">\n\t\t\t\t\t<a class=\"wpucv-image-link-wrapper\" href=\"https:\/\/museum.pctu.com.vn\/index.php\/language\/en\/2024\/01\/28\/le-huu-trac-the-forefather-of-the-vietnamese-medical-profession\/\" title=\"L\u00ea H\u1eefu Tr\u00e1c &#8211; The forefather of the Vietnamese medical profession.\"><br \/>\n\t\t\t\t\t\t\t\t\t\t\t\t\t<img decoding=\"async\" class=\"wpucv-image-responsive\" src=\"https:\/\/museum.pctu.com.vn\/wp-content\/uploads\/2024\/03\/Le-Huu-Trac1-320x170.jpg\" title=\"L\u00ea H\u1eefu Tr\u00e1c &#8211; The forefather of the Vietnamese medical profession.\" alt=\"L\u00ea H\u1eefu Tr\u00e1c &#8211; The forefather of the Vietnamese medical profession.\" itemprop=\"image\"><br \/>\n\t\t\t\t\t\t\t\t\t\t\t<\/a><\/p>\n<p class=\"wpucv-excerpt\">H\u1ea3i Th\u01b0\u1ee3ng L\u00e3n \u00d4ng &#8211; L\u00ea H\u1eefu Tr\u00e1c is a prominent medical figure and an outstanding cultural personality of our&hellip;<\/p>\n<\/p><\/div>\n<\/article><\/div>\n<\/p><\/div>\n<div class=\"wpucv-pagination-wrapper clearfix\">\n\t\t\t\t\t\t\t\t\t<\/div>\n<\/p><\/div>\n\t\t\t\t\t\t\t\t<\/div>\n\t\t\t\t<\/div>\n\t\t\t\t\t<\/div>\n\t\t<\/div>\n\t\t\t\t\t<\/div>\n\t\t<\/section>\n\t\t\t\t<\/div>\n\t\t","protected":false},"excerpt":{"rendered":"","protected":false},"author":1,"featured_media":2408,"parent":0,"menu_order":0,"comment_status":"closed","ping_status":"closed","template":"","meta":{"footnotes":""},"class_list":["post-1028","page","type-page","status-publish","has-post-thumbnail","hentry"],"_links":{"self":[{"href":"https:\/\/museum.pctu.com.vn\/index.php\/wp-json\/wp\/v2\/pages\/1028","targetHints":{"allow":["GET"]}}],"collection":[{"href":"https:\/\/museum.pctu.com.vn\/index.php\/wp-json\/wp\/v2\/pages"}],"about":[{"href":"https:\/\/museum.pctu.com.vn\/index.php\/wp-json\/wp\/v2\/types\/page"}],"author":[{"embeddable":true,"href":"https:\/\/museum.pctu.com.vn\/index.php\/wp-json\/wp\/v2\/users\/1"}],"replies":[{"embeddable":true,"href":"https:\/\/museum.pctu.com.vn\/index.php\/wp-json\/wp\/v2\/comments?post=1028"}],"version-history":[{"count":7,"href":"https:\/\/museum.pctu.com.vn\/index.php\/wp-json\/wp\/v2\/pages\/1028\/revisions"}],"predecessor-version":[{"id":2338,"href":"https:\/\/museum.pctu.com.vn\/index.php\/wp-json\/wp\/v2\/pages\/1028\/revisions\/2338"}],"wp:featuredmedia":[{"embeddable":true,"href":"https:\/\/museum.pctu.com.vn\/index.php\/wp-json\/wp\/v2\/media\/2408"}],"wp:attachment":[{"href":"https:\/\/museum.pctu.com.vn\/index.php\/wp-json\/wp\/v2\/media?parent=1028"}],"curies":[{"name":"wp","href":"https:\/\/api.w.org\/{rel}","templated":true}]}}