{"id":1045,"date":"2023-12-26T08:29:40","date_gmt":"2023-12-26T01:29:40","guid":{"rendered":"http:\/\/localhost\/wordpress\/?page_id=1045"},"modified":"2025-06-30T13:41:40","modified_gmt":"2025-06-30T06:41:40","slug":"lien-he","status":"publish","type":"page","link":"https:\/\/museum.pctu.com.vn\/index.php\/ho-tro\/lien-he\/","title":{"rendered":"Li\u00ean h\u1ec7"},"content":{"rendered":"\t\t<div data-elementor-type=\"wp-page\" data-elementor-id=\"1045\" class=\"elementor elementor-1045\" data-elementor-post-type=\"page\">\n\t\t\t\t\t\t<section class=\"elementor-section elementor-top-section elementor-element elementor-element-2d1d9454 elementor-section-boxed elementor-section-height-default elementor-section-height-default\" data-id=\"2d1d9454\" data-element_type=\"section\">\n\t\t\t\t\t\t<div class=\"elementor-container elementor-column-gap-default\">\n\t\t\t\t\t<div class=\"elementor-column elementor-col-100 elementor-top-column elementor-element elementor-element-51e4fd8b\" data-id=\"51e4fd8b\" data-element_type=\"column\">\n\t\t\t<div class=\"elementor-widget-wrap elementor-element-populated\">\n\t\t\t\t\t\t<div class=\"elementor-element elementor-element-da7b94a elementor-widget elementor-widget-text-editor\" data-id=\"da7b94a\" data-element_type=\"widget\" data-widget_type=\"text-editor.default\">\n\t\t\t\t<div class=\"elementor-widget-container\">\n\t\t\t\t\t\t\t\t\t\n<p>B\u1ea3o t\u00e0ng Y khoa \u0110\u1ea1i h\u1ecdc Phan Ch\u00e2u Trinh \u0111\u01b0\u1ee3c m\u1edf c\u1ee7a t\u1eeb <strong>th\u1ee9 hai<\/strong> \u0111\u1ebfn <strong>th\u1ee9 b\u1ea3y<\/strong> h\u00e0ng tu\u1ea7n<\/p>\n\n<h2 class=\"wp-block-heading\"><strong>\u0110\u1ecaA CH\u1ec8<\/strong><\/h2>\n\n<p>B\u1ea3o t\u00e0ng Y khoa \u0110\u1ea1i h\u1ecdc Phan Ch\u00e2u Trinh<br \/><i class=\"fas fa-house\"><\/i>: 09 Nguy\u1ec5n Gia Thi\u1ec1u, P. \u0110i\u1ec7n B\u00e0n \u0110\u00f4ng, TP. \u0110\u00e0 N\u1eb5ng<br \/><i class=\"fas fa-phone\"><\/i>: (084).20353.757.959<br \/><i class=\"fas fa-envelope\"><\/i>: museum@pctu.edu.vn<\/p>\n<hr class=\"wp-block-separator has-alpha-channel-opacity\" \/>\n<h2 class=\"wp-block-heading\">\u0110\u01af\u1edcNG \u0110I<\/h2>\n\n<p><iframe style=\"border: 0;\" src=\"https:\/\/www.google.com\/maps\/embed?pb=!1m18!1m12!1m3!1d3835.9825265874624!2d108.25728067606947!3d15.962288884701946!2m3!1f0!2f0!3f0!3m2!1i1024!2i768!4f13.1!3m3!1m2!1s0x314210670ced712d%3A0x9c2301d54e7f9525!2zMDkgTmd1eeG7hW4gR2lhIFRoaeG7gXUsIMSQaeG7h24gTmfhu41jLCDEkGnhu4duIELDoG4sIFF14bqjbmcgTmFtLCBWaWV0bmFt!5e0!3m2!1sen!2s!4v1704612133573!5m2!1sen!2s\" width=\"600\" height=\"450\" allowfullscreen=\"allowfullscreen\"><\/iframe><\/p>\n\t\t\t\t\t\t\t\t<\/div>\n\t\t\t\t<\/div>\n\t\t\t\t\t<\/div>\n\t\t<\/div>\n\t\t\t\t\t<\/div>\n\t\t<\/section>\n\t\t\t\t<\/div>\n\t\t","protected":false},"excerpt":{"rendered":"<p>B\u1ea3o t\u00e0ng Y khoa \u0110\u1ea1i h\u1ecdc Phan Ch\u00e2u Trinh \u0111\u01b0\u1ee3c m\u1edf c\u1ee7a t\u1eeb th\u1ee9 hai \u0111\u1ebfn th\u1ee9 b\u1ea3y h\u00e0ng tu\u1ea7n \u0110\u1ecaA CH\u1ec8 B\u1ea3o t\u00e0ng Y khoa \u0110\u1ea1i h\u1ecdc Phan Ch\u00e2u&hellip;<\/p>\n","protected":false},"author":1,"featured_media":0,"parent":1112,"menu_order":0,"comment_status":"closed","ping_status":"closed","template":"","meta":{"footnotes":""},"class_list":["post-1045","page","type-page","status-publish","hentry"],"_links":{"self":[{"href":"https:\/\/museum.pctu.com.vn\/index.php\/wp-json\/wp\/v2\/pages\/1045","targetHints":{"allow":["GET"]}}],"collection":[{"href":"https:\/\/museum.pctu.com.vn\/index.php\/wp-json\/wp\/v2\/pages"}],"about":[{"href":"https:\/\/museum.pctu.com.vn\/index.php\/wp-json\/wp\/v2\/types\/page"}],"author":[{"embeddable":true,"href":"https:\/\/museum.pctu.com.vn\/index.php\/wp-json\/wp\/v2\/users\/1"}],"replies":[{"embeddable":true,"href":"https:\/\/museum.pctu.com.vn\/index.php\/wp-json\/wp\/v2\/comments?post=1045"}],"version-history":[{"count":24,"href":"https:\/\/museum.pctu.com.vn\/index.php\/wp-json\/wp\/v2\/pages\/1045\/revisions"}],"predecessor-version":[{"id":2487,"href":"https:\/\/museum.pctu.com.vn\/index.php\/wp-json\/wp\/v2\/pages\/1045\/revisions\/2487"}],"up":[{"embeddable":true,"href":"https:\/\/museum.pctu.com.vn\/index.php\/wp-json\/wp\/v2\/pages\/1112"}],"wp:attachment":[{"href":"https:\/\/museum.pctu.com.vn\/index.php\/wp-json\/wp\/v2\/media?parent=1045"}],"curies":[{"name":"wp","href":"https:\/\/api.w.org\/{rel}","templated":true}]}}