{"id":1393,"date":"2024-03-17T20:08:25","date_gmt":"2024-03-17T13:08:25","guid":{"rendered":"https:\/\/museum.pctu.com.vn\/?page_id=1393"},"modified":"2025-06-13T16:18:01","modified_gmt":"2025-06-13T09:18:01","slug":"lich-su-su-menh","status":"publish","type":"page","link":"https:\/\/museum.pctu.com.vn\/index.php\/about-us\/lich-su-su-menh\/","title":{"rendered":"L\u1ecbch s\u1eed &#038; s\u1ee9 m\u1ec7nh"},"content":{"rendered":"\t\t<div data-elementor-type=\"wp-page\" data-elementor-id=\"1393\" class=\"elementor elementor-1393\" data-elementor-post-type=\"page\">\n\t\t\t\t\t\t<section class=\"elementor-section elementor-top-section elementor-element elementor-element-7ebacc3e elementor-section-boxed elementor-section-height-default elementor-section-height-default\" data-id=\"7ebacc3e\" data-element_type=\"section\">\n\t\t\t\t\t\t<div class=\"elementor-container elementor-column-gap-default\">\n\t\t\t\t\t<div class=\"elementor-column elementor-col-100 elementor-top-column elementor-element elementor-element-43994875\" data-id=\"43994875\" data-element_type=\"column\">\n\t\t\t<div class=\"elementor-widget-wrap elementor-element-populated\">\n\t\t\t\t\t\t<div class=\"elementor-element elementor-element-667d93b4 elementor-widget elementor-widget-text-editor\" data-id=\"667d93b4\" data-element_type=\"widget\" data-widget_type=\"text-editor.default\">\n\t\t\t\t<div class=\"elementor-widget-container\">\n\t\t\t\t\t\t\t\t\t<p style=\"text-align: justify;\">S\u1ee9 m\u1ec7nh c\u1ee7a B\u1ea3o t\u00e0ng Y khoa Tr\u01b0\u1eddng \u0110\u1ea1i h\u1ecdc Phan Ch\u00e2u Trinh l\u00e0 b\u1ea3o t\u1ed3n, ph\u00e1t huy c\u00e1c gi\u00e1 tr\u1ecb l\u1ecbch s\u1eed v\u00e0 di s\u1ea3n y h\u1ecdc, \u0111\u1ed3ng th\u1eddi \u1ee9ng d\u1ee5ng c\u00f4ng ngh\u1ec7 hi\u1ec7n \u0111\u1ea1i \u0111\u1ec3 truy\u1ec1n t\u1ea3i tri th\u1ee9c y h\u1ecdc m\u1ed9t c\u00e1ch s\u00e1ng t\u1ea1o v\u00e0 hi\u1ec7u qu\u1ea3. B\u1ea3o t\u00e0ng kh\u00f4ng ch\u1ec9 l\u00e0 n\u01a1i l\u01b0u gi\u1eef c\u00e1c hi\u1ec7n v\u1eadt y khoa c\u1ed5 \u0111\u1ea1i m\u00e0 c\u00f2n l\u00e0 trung t\u00e2m nghi\u00ean c\u1ee9u v\u00e0 gi\u00e1o d\u1ee5c, k\u1ebft n\u1ed1i th\u1ebf h\u1ec7 y h\u1ecdc hi\u1ec7n t\u1ea1i v\u1edbi qu\u00e1 kh\u1ee9 v\u00e0 t\u01b0\u01a1ng lai. Qua \u0111\u00f3, b\u1ea3o t\u00e0ng mong mu\u1ed1n t\u1ea1o ra m\u1ed9t m\u00f4i tr\u01b0\u1eddng h\u1ecdc thu\u1eadt phong ph\u00fa, gi\u00fap c\u00e1c sinh vi\u00ean, nh\u00e0 nghi\u00ean c\u1ee9u v\u00e0 c\u1ed9ng \u0111\u1ed3ng y t\u1ebf hi\u1ec3u r\u00f5 h\u01a1n v\u1ec1 s\u1ef1 ph\u00e1t tri\u1ec3n c\u1ee7a y h\u1ecdc, g\u00f3p ph\u1ea7n n\u00e2ng cao ch\u1ea5t l\u01b0\u1ee3ng y t\u1ebf v\u00e0 s\u1ee9c kh\u1ecfe c\u1ed9ng \u0111\u1ed3ng.<img fetchpriority=\"high\" decoding=\"async\" class=\"size-medium wp-image-1081 aligncenter\" src=\"https:\/\/museum.pctu.com.vn\/wp-content\/uploads\/2024\/01\/Enscape_2023-10-19-09-57-16-300x169.jpg\" alt=\"\" width=\"300\" height=\"169\" srcset=\"https:\/\/museum.pctu.com.vn\/wp-content\/uploads\/2024\/01\/Enscape_2023-10-19-09-57-16-300x169.jpg 300w, https:\/\/museum.pctu.com.vn\/wp-content\/uploads\/2024\/01\/Enscape_2023-10-19-09-57-16-1024x576.jpg 1024w, https:\/\/museum.pctu.com.vn\/wp-content\/uploads\/2024\/01\/Enscape_2023-10-19-09-57-16-768x432.jpg 768w, https:\/\/museum.pctu.com.vn\/wp-content\/uploads\/2024\/01\/Enscape_2023-10-19-09-57-16-1536x864.jpg 1536w, https:\/\/museum.pctu.com.vn\/wp-content\/uploads\/2024\/01\/Enscape_2023-10-19-09-57-16-2048x1152.jpg 2048w\" sizes=\"(max-width: 300px) 100vw, 300px\" \/><\/p>\r\n<img decoding=\"async\" class=\"size-medium wp-image-1082 aligncenter\" src=\"https:\/\/museum.pctu.com.vn\/wp-content\/uploads\/2024\/01\/Enscape_2023-10-19-10-18-01-300x169.jpg\" alt=\"\" width=\"300\" height=\"169\" srcset=\"https:\/\/museum.pctu.com.vn\/wp-content\/uploads\/2024\/01\/Enscape_2023-10-19-10-18-01-300x169.jpg 300w, https:\/\/museum.pctu.com.vn\/wp-content\/uploads\/2024\/01\/Enscape_2023-10-19-10-18-01-1024x576.jpg 1024w, https:\/\/museum.pctu.com.vn\/wp-content\/uploads\/2024\/01\/Enscape_2023-10-19-10-18-01-768x432.jpg 768w, https:\/\/museum.pctu.com.vn\/wp-content\/uploads\/2024\/01\/Enscape_2023-10-19-10-18-01-1536x864.jpg 1536w, https:\/\/museum.pctu.com.vn\/wp-content\/uploads\/2024\/01\/Enscape_2023-10-19-10-18-01-2048x1152.jpg 2048w\" sizes=\"(max-width: 300px) 100vw, 300px\" \/>\r\n\r\n<img decoding=\"async\" class=\"size-medium wp-image-1080 aligncenter\" src=\"https:\/\/museum.pctu.com.vn\/wp-content\/uploads\/2024\/01\/Enscape_2023-10-19-09-48-43-300x169.jpg\" alt=\"\" width=\"300\" height=\"169\" srcset=\"https:\/\/museum.pctu.com.vn\/wp-content\/uploads\/2024\/01\/Enscape_2023-10-19-09-48-43-300x169.jpg 300w, https:\/\/museum.pctu.com.vn\/wp-content\/uploads\/2024\/01\/Enscape_2023-10-19-09-48-43-1024x576.jpg 1024w, https:\/\/museum.pctu.com.vn\/wp-content\/uploads\/2024\/01\/Enscape_2023-10-19-09-48-43-768x432.jpg 768w, https:\/\/museum.pctu.com.vn\/wp-content\/uploads\/2024\/01\/Enscape_2023-10-19-09-48-43-1536x864.jpg 1536w, https:\/\/museum.pctu.com.vn\/wp-content\/uploads\/2024\/01\/Enscape_2023-10-19-09-48-43-2048x1152.jpg 2048w\" sizes=\"(max-width: 300px) 100vw, 300px\" \/>\r\n<p style=\"text-align: justify;\">S\u1ee9 m\u1ec7nh c\u1ee7a b\u1ea3o t\u00e0ng c\u00f2n bao g\u1ed3m vi\u1ec7c t\u1ea1o \u0111i\u1ec1u ki\u1ec7n cho s\u1ef1 h\u1ee3p t\u00e1c qu\u1ed1c t\u1ebf trong nghi\u00ean c\u1ee9u y khoa, \u0111\u1ed3ng th\u1eddi th\u00fac \u0111\u1ea9y \u00fd th\u1ee9c b\u1ea3o v\u1ec7 v\u00e0 t\u00f4n vinh c\u00e1c th\u00e0nh t\u1ef1u y h\u1ecdc, t\u1eeb nh\u1eefng b\u01b0\u1edbc \u0111i \u0111\u1ea7u ti\u00ean cho \u0111\u1ebfn nh\u1eefng ti\u1ebfn b\u1ed9 \u0111\u1ed9t ph\u00e1 hi\u1ec7n \u0111\u1ea1i.<\/p>\t\t\t\t\t\t\t\t<\/div>\n\t\t\t\t<\/div>\n\t\t\t\t\t<\/div>\n\t\t<\/div>\n\t\t\t\t\t<\/div>\n\t\t<\/section>\n\t\t\t\t<\/div>\n\t\t","protected":false},"excerpt":{"rendered":"<p>S\u1ee9 m\u1ec7nh c\u1ee7a B\u1ea3o t\u00e0ng Y khoa Tr\u01b0\u1eddng \u0110\u1ea1i h\u1ecdc Phan Ch\u00e2u Trinh l\u00e0 b\u1ea3o t\u1ed3n, ph\u00e1t huy c\u00e1c gi\u00e1 tr\u1ecb l\u1ecbch s\u1eed v\u00e0 di s\u1ea3n y h\u1ecdc, \u0111\u1ed3ng th\u1eddi&hellip;<\/p>\n","protected":false},"author":1,"featured_media":0,"parent":916,"menu_order":0,"comment_status":"closed","ping_status":"closed","template":"page-templates\/fullwidth.php","meta":{"footnotes":""},"class_list":["post-1393","page","type-page","status-publish","hentry"],"_links":{"self":[{"href":"https:\/\/museum.pctu.com.vn\/index.php\/wp-json\/wp\/v2\/pages\/1393","targetHints":{"allow":["GET"]}}],"collection":[{"href":"https:\/\/museum.pctu.com.vn\/index.php\/wp-json\/wp\/v2\/pages"}],"about":[{"href":"https:\/\/museum.pctu.com.vn\/index.php\/wp-json\/wp\/v2\/types\/page"}],"author":[{"embeddable":true,"href":"https:\/\/museum.pctu.com.vn\/index.php\/wp-json\/wp\/v2\/users\/1"}],"replies":[{"embeddable":true,"href":"https:\/\/museum.pctu.com.vn\/index.php\/wp-json\/wp\/v2\/comments?post=1393"}],"version-history":[{"count":5,"href":"https:\/\/museum.pctu.com.vn\/index.php\/wp-json\/wp\/v2\/pages\/1393\/revisions"}],"predecessor-version":[{"id":2305,"href":"https:\/\/museum.pctu.com.vn\/index.php\/wp-json\/wp\/v2\/pages\/1393\/revisions\/2305"}],"up":[{"embeddable":true,"href":"https:\/\/museum.pctu.com.vn\/index.php\/wp-json\/wp\/v2\/pages\/916"}],"wp:attachment":[{"href":"https:\/\/museum.pctu.com.vn\/index.php\/wp-json\/wp\/v2\/media?parent=1393"}],"curies":[{"name":"wp","href":"https:\/\/api.w.org\/{rel}","templated":true}]}}