{"id":2104,"date":"2025-02-07T09:39:09","date_gmt":"2025-02-07T02:39:09","guid":{"rendered":"https:\/\/museum.pctu.com.vn\/?page_id=2104"},"modified":"2025-06-14T14:05:44","modified_gmt":"2025-06-14T07:05:44","slug":"ban-lanh-dao","status":"publish","type":"page","link":"https:\/\/museum.pctu.com.vn\/index.php\/ban-lanh-dao\/","title":{"rendered":"Nh\u00e0 s\u00e1ng l\u1eadp"},"content":{"rendered":"\t\t<div data-elementor-type=\"wp-page\" data-elementor-id=\"2104\" class=\"elementor elementor-2104\" data-elementor-post-type=\"page\">\n\t\t\t\t\t\t<section class=\"elementor-section elementor-top-section elementor-element elementor-element-205c06c8 elementor-section-boxed elementor-section-height-default elementor-section-height-default\" data-id=\"205c06c8\" data-element_type=\"section\">\n\t\t\t\t\t\t<div class=\"elementor-container elementor-column-gap-default\">\n\t\t\t\t\t<div class=\"elementor-column elementor-col-100 elementor-top-column elementor-element elementor-element-760ec551\" data-id=\"760ec551\" data-element_type=\"column\">\n\t\t\t<div class=\"elementor-widget-wrap elementor-element-populated\">\n\t\t\t\t\t\t<div class=\"elementor-element elementor-element-54f83866 elementor-widget elementor-widget-text-editor\" data-id=\"54f83866\" data-element_type=\"widget\" data-widget_type=\"text-editor.default\">\n\t\t\t\t<div class=\"elementor-widget-container\">\n\t\t\t\t\t\t\t\t\t<figure id=\"attachment_1461\" aria-describedby=\"caption-attachment-1461\" style=\"width: 275px\" class=\"wp-caption aligncenter\"><img fetchpriority=\"high\" decoding=\"async\" src=\"https:\/\/museum.pctu.com.vn\/wp-content\/uploads\/2024\/03\/bs_nguyenhuutung-e1711337304492-275x300.jpg\" alt=\"\" width=\"275\" height=\"300\"><figcaption id=\"caption-attachment-1461\" class=\"wp-caption-text\">BS. Nguy\u1ec5n H\u1eefu T\u00f9ng<br>Nh\u00e0 s\u00e1ng l\u1eadp B\u1ea3o t\u00e0ng Y khoa tr\u01b0\u1eddng \u0110\u1ea1i h\u1ecdc Phan Ch\u00e2u Trinh<\/figcaption><\/figure>\n<br><p><\/p>\n<p style=\"text-align: justify;\"><span style=\"font-size: 1rem; text-align: start;\">\ud83d\udcdc&nbsp;<\/span><strong>Tri\u1ebft l\u00fd gi\u00e1o d\u1ee5c<\/strong><\/p>\n<p style=\"text-align: justify;\">\u0110\u1ea1i h\u1ecdc Y khoa Phan Ch\u00e2u Trinh \u0111i theo tri\u1ebft l\u00fd gi\u00e1o d\u1ee5c khai ph\u00f3ng, gi\u00fap ng\u01b0\u1eddi h\u1ecdc t\u1ef1 gi\u1ea3i tho\u00e1t n\u0103ng l\u01b0\u1ee3ng s\u00e1ng t\u1ea1o v\u00e0 c\u1ea3m h\u00f3a thi\u00ean nhi\u00ean, \u0111\u01b0a con ng\u01b0\u1eddi \u0111\u1ebfn Ch\u00e2n Thi\u1ec7n M\u1ef9.<\/p>\n<p style=\"text-align: justify;\"><span style=\"font-size: 1rem; text-align: start;\">\ud83d\udd2d&nbsp;<\/span><strong>T\u1ea7m nh\u00ecn<\/strong><\/p>\n<p style=\"text-align: justify;\">B\u00e1c s\u0129 Nguy\u1ec5n H\u1eefu T\u00f9ng \u0111\u00e3 \u0111\u1eb7t n\u1ec1n m\u00f3ng cho m\u1ed9t trung t\u00e2m v\u0103n h\u00f3a y khoa \u0111\u1ed9c \u0111\u00e1o v\u00e0 quan tr\u1ecdng t\u1ea1i Vi\u1ec7t Nam. \u0110\u00f3 l\u00e0 m\u1ed9t di s\u1ea3n kh\u00f4ng ch\u1ec9 v\u1ec1 ki\u1ebfn th\u1ee9c y h\u1ecdc m\u00e0 c\u00f2n v\u1ec1 tinh th\u1ea7n v\u00e0 l\u00f2ng \u0111am m\u00ea c\u1ee7a ng\u01b0\u1eddi s\u00e1ng l\u1eadp.<\/p>\n<p style=\"text-align: justify;\"><span style=\"font-size: 1rem; text-align: start;\">\ud83d\udd25&nbsp;<\/span><strong>S\u1ee9 m\u1ec7nh<\/strong><\/p>\n<p style=\"text-align: justify;\">Th\u00fac \u0111\u1ea9y v\u00e0 t\u1ea1o \u0111i\u1ec1u ki\u1ec7n cho vi\u1ec7c hi\u1ec3u bi\u1ebft v\u1ec1 l\u1ecbch s\u1eed v\u00e0 ph\u00e1t tri\u1ec3n c\u1ee7a y h\u1ecdc trong c\u1ed9ng \u0111\u1ed3ng<\/p>\n<p style=\"text-align: justify;\">Ki\u1ebfn t\u1ea1o m\u1ed9t kh\u00f4ng gian qu\u00fd b\u00e1u gi\u1eef l\u1ea1i nh\u1eefng di s\u1ea3n v\u0103n h\u00f3a y h\u1ecdc, g\u00f3p ph\u1ea7n gi\u00e1o d\u1ee5c v\u00e0 t\u1ea1o c\u01a1 h\u1ed9i cho sinh vi\u00ean v\u00e0 c\u1ed9ng \u0111\u1ed3ng trong vi\u1ec7c hi\u1ec3u bi\u1ebft v\u1ec1 l\u1ecbch s\u1eed v\u00e0 ph\u00e1t tri\u1ec3n c\u1ee7a y h\u1ecdc.<\/p>\n<p><\/p>\t\t\t\t\t\t\t\t<\/div>\n\t\t\t\t<\/div>\n\t\t\t\t\t<\/div>\n\t\t<\/div>\n\t\t\t\t\t<\/div>\n\t\t<\/section>\n\t\t\t\t<\/div>\n\t\t","protected":false},"excerpt":{"rendered":"<p>\ud83d\udcdc&nbsp;Tri\u1ebft l\u00fd gi\u00e1o d\u1ee5c \u0110\u1ea1i h\u1ecdc Y khoa Phan Ch\u00e2u Trinh \u0111i theo tri\u1ebft l\u00fd gi\u00e1o d\u1ee5c khai ph\u00f3ng, gi\u00fap ng\u01b0\u1eddi h\u1ecdc t\u1ef1 gi\u1ea3i tho\u00e1t n\u0103ng l\u01b0\u1ee3ng s\u00e1ng t\u1ea1o v\u00e0&hellip;<\/p>\n","protected":false},"author":1,"featured_media":2377,"parent":0,"menu_order":0,"comment_status":"closed","ping_status":"closed","template":"page-templates\/fullwidth.php","meta":{"footnotes":""},"class_list":["post-2104","page","type-page","status-publish","has-post-thumbnail","hentry"],"_links":{"self":[{"href":"https:\/\/museum.pctu.com.vn\/index.php\/wp-json\/wp\/v2\/pages\/2104","targetHints":{"allow":["GET"]}}],"collection":[{"href":"https:\/\/museum.pctu.com.vn\/index.php\/wp-json\/wp\/v2\/pages"}],"about":[{"href":"https:\/\/museum.pctu.com.vn\/index.php\/wp-json\/wp\/v2\/types\/page"}],"author":[{"embeddable":true,"href":"https:\/\/museum.pctu.com.vn\/index.php\/wp-json\/wp\/v2\/users\/1"}],"replies":[{"embeddable":true,"href":"https:\/\/museum.pctu.com.vn\/index.php\/wp-json\/wp\/v2\/comments?post=2104"}],"version-history":[{"count":23,"href":"https:\/\/museum.pctu.com.vn\/index.php\/wp-json\/wp\/v2\/pages\/2104\/revisions"}],"predecessor-version":[{"id":2430,"href":"https:\/\/museum.pctu.com.vn\/index.php\/wp-json\/wp\/v2\/pages\/2104\/revisions\/2430"}],"wp:featuredmedia":[{"embeddable":true,"href":"https:\/\/museum.pctu.com.vn\/index.php\/wp-json\/wp\/v2\/media\/2377"}],"wp:attachment":[{"href":"https:\/\/museum.pctu.com.vn\/index.php\/wp-json\/wp\/v2\/media?parent=2104"}],"curies":[{"name":"wp","href":"https:\/\/api.w.org\/{rel}","templated":true}]}}