{"id":949,"date":"2023-12-26T07:52:59","date_gmt":"2023-12-26T00:52:59","guid":{"rendered":"http:\/\/localhost\/wordpress\/?page_id=949"},"modified":"2025-06-13T16:19:24","modified_gmt":"2025-06-13T09:19:24","slug":"global-healthcare","status":"publish","type":"page","link":"https:\/\/museum.pctu.com.vn\/index.php\/global-healthcare\/","title":{"rendered":"Y khoa th\u1ebf gi\u1edbi"},"content":{"rendered":"\t\t<div data-elementor-type=\"wp-page\" data-elementor-id=\"949\" class=\"elementor elementor-949\" data-elementor-post-type=\"page\">\n\t\t\t\t\t\t<section class=\"elementor-section elementor-top-section elementor-element elementor-element-14f8dd10 elementor-section-boxed elementor-section-height-default elementor-section-height-default\" data-id=\"14f8dd10\" data-element_type=\"section\">\n\t\t\t\t\t\t<div class=\"elementor-container elementor-column-gap-default\">\n\t\t\t\t\t<div class=\"elementor-column elementor-col-100 elementor-top-column elementor-element elementor-element-5fc5e0b1\" data-id=\"5fc5e0b1\" data-element_type=\"column\">\n\t\t\t<div class=\"elementor-widget-wrap elementor-element-populated\">\n\t\t\t\t\t\t<div class=\"elementor-element elementor-element-ac11451 elementor-widget elementor-widget-text-editor\" data-id=\"ac11451\" data-element_type=\"widget\" data-widget_type=\"text-editor.default\">\n\t\t\t\t<div class=\"elementor-widget-container\">\n\t\t\t\t\t\t\t\t\t<style>\n<p>\t\t#list_69e92ecc04e97 .wpucv-list article.wpucv-featured-post h2.wpucv-post-title {\n\t\t\t\t\t\tfont-size: 20px !important;<\/p>\n<p>\t\t\t\t\t\tline-height: 26px !important;<\/p>\n<p>\t\t\t\t\t\tfont-weight: 700 !important;\n\t\t\t\t\t}<\/p>\n<p>\t\t\t\t#list_69e92ecc04e97 .wpucv-list article.wpucv-featured-post .wpucv-post-title,\n\t\t#list_69e92ecc04e97 .wpucv-list article.wpucv-featured-post .wpucv-post-title a,\n\t\t#list_69e92ecc04e97 .wpucv-list article.wpucv-featured-post .wpucv-post-title a:visited{\n\t\t\tcolor: #232323 !important;\n\t\t}<\/p>\n<p>\t\t\t\t#list_69e92ecc04e97 .wpucv-list article.wpucv-featured-post .wpucv-post-title a:hover,\n\t\t#list_69e92ecc04e97 .wpucv-list article.wpucv-featured-post .wpucv-post-title a:active {\n\t\t\tcolor: #232323 !important;\n\t\t}<\/p>\n<p>\t\t#list_69e92ecc04e97 .wpucv-list article.wpucv-featured-post .wpucv-post-meta,\n\t\t#list_69e92ecc04e97 .wpucv-list article.wpucv-featured-post .wpucv-post-meta a{\n\t\t\t\t\t\tfont-size: 12px !important;<\/p>\n<p>\t\t\t\t\t\tline-height: 16px !important;<\/p>\n<p>\t\t\t\t\t\tfont-weight: 400 !important;<\/p>\n<p>\t\t\t\t\t\tcolor: #888888 !important;\n\t\t\t\t\t}<\/p>\n<p>\t\t#list_69e92ecc04e97 .wpucv-list article.wpucv-featured-post p.wpucv-excerpt{\n\t\t\t\t\t\tfont-size: 13px !important;<\/p>\n<p>\t\t\t\t\t\tline-height: 17px !important;<\/p>\n<p>\t\t\t\t\t\tfont-weight: 400 !important;<\/p>\n<p>\t\t\t\t\t\tcolor: #333333 !important;\n\t\t\t\t\t}<\/p>\n<p>\t\t#list_69e92ecc04e97 .wpucv-list article.wpucv-featured-post a.wpucv-read-more,\n\t\t#list_69e92ecc04e97 .wpucv-list article.wpucv-featured-post a.wpucv-read-more.wpucv-button{\n\t\t\t\t\t\tcolor: #FFFFFF !important;<\/p>\n<p>\t\t\t\t\t\tfont-size: 14px !important;<\/p>\n<p>\t\t\t\t\t\tline-height: 14px !important;<\/p>\n<p>\t\t\t\t\t\tfont-weight: 400 !important;<\/p>\n<p>\t\t\t-webkit-transition: all 0.7s !important;\n\t\t\t-moz-transition: all 0.7s !important;\n\t\t\t-o-transition: all 0.7s !important;\n\t\t\ttransition: all 0.7s !important;\n\t\t}<\/p>\n<p>\t\t\t\t#list_69e92ecc04e97 .wpucv-list article.wpucv-featured-post a.wpucv-read-more,\n\t\t#list_69e92ecc04e97 .wpucv-list article.wpucv-featured-post a.wpucv-read-more.wpucv-button{\n\t\t\tbackground-color: #5e5e5e !important;\n\t\t}<\/p>\n<p>\t\t\t\t#list_69e92ecc04e97 .wpucv-list article.wpucv-featured-post a.wpucv-read-more:hover,\n\t\t#list_69e92ecc04e97 .wpucv-list article.wpucv-featured-post a.wpucv-read-more:active,\n\t\t#list_69e92ecc04e97 .wpucv-list article.wpucv-featured-post a.wpucv-read-more.wpucv-button:hover,\n\t\t#list_69e92ecc04e97 .wpucv-list article.wpucv-featured-post a.wpucv-read-more.wpucv-button:active{\n\t\t\tcolor: #FFFFFF !important;\n\t\t}<\/p>\n<p>\t\t\t\t#list_69e92ecc04e97 .wpucv-list article.wpucv-featured-post a.wpucv-read-more.wpucv-button:hover,\n\t\t#list_69e92ecc04e97 .wpucv-list article.wpucv-featured-post a.wpucv-read-more.wpucv-button:active{\n\t\t\tbackground-color: #5e5e5e !important;\n\t\t}<\/p>\n<p>\t\t#list_69e92ecc04e97 .wpucv-list article h2.wpucv-post-title{\n\t\t\t\t\t\tfont-size: 20px !important;<\/p>\n<p>\t\t\t\t\t\tline-height: 26px !important;<\/p>\n<p>\t\t\t\t\t\tfont-weight: 700 !important;\n\t\t\t\t\t}<\/p>\n<p>\t\t\t\t#list_69e92ecc04e97 .wpucv-list article .wpucv-post-title,\n\t\t#list_69e92ecc04e97 .wpucv-list article .wpucv-post-title a,\n\t\t#list_69e92ecc04e97 .wpucv-list article .wpucv-post-title a:visited{\n\t\t\tcolor: #232323 !important;\n\t\t}<\/p>\n<p>\t\t\t\t#list_69e92ecc04e97 .wpucv-list article .wpucv-post-title a:hover,\n\t\t#list_69e92ecc04e97 .wpucv-list article .wpucv-post-title a:active {\n\t\t\tcolor: #232323 !important;\n\t\t}<\/p>\n<p>\t\t#list_69e92ecc04e97 .wpucv-list article .wpucv-post-meta{\n\t\t\t\t\t\tfont-size: 12px !important;<\/p>\n<p>\t\t\t\t\t\tline-height: 16px !important;<\/p>\n<p>\t\t\t\t\t\tfont-weight: 400 !important;\n\t\t\t\t\t}<\/p>\n<p>\t\t\t\t#list_69e92ecc04e97 .wpucv-list article .wpucv-post-meta,\n\t\t#list_69e92ecc04e97 .wpucv-list article .wpucv-post-meta a,\n\t\t#list_69e92ecc04e97 .wpucv-list article .wpucv-post-meta a:visited,\n\t\t#list_69e92ecc04e97 .wpucv-list article .wpucv-post-meta a:hover,\n\t\t#list_69e92ecc04e97 .wpucv-list article .wpucv-post-meta a:active{\n\t\t\tcolor: #888888 !important;\n\t\t}<\/p>\n<p>\t\t#list_69e92ecc04e97 .wpucv-list article p.wpucv-excerpt{\n\t\t\t\t\t\tfont-size: 13px !important;<\/p>\n<p>\t\t\t\t\t\tline-height: 17px !important;<\/p>\n<p>\t\t\t\t\t\tfont-weight: 400 !important;<\/p>\n<p>\t\t\t\t\t\tcolor: #333333 !important;\n\t\t\t\t\t}<\/p>\n<p>\t\t#list_69e92ecc04e97 .wpucv-list article a.wpucv-read-more,\n\t\t#list_69e92ecc04e97 .wpucv-list article a.wpucv-read-more.wpucv-button{\n\t\t\t\t\t\tcolor: #FFFFFF !important;<\/p>\n<p>\t\t\t\t\t\tfont-size: 14px !important;<\/p>\n<p>\t\t\t\t\t\tline-height: 14px !important;<\/p>\n<p>\t\t\t\t\t\tfont-weight: 400 !important;<\/p>\n<p>\t\t\t-webkit-transition: all 0.7s !important;\n\t\t\t-moz-transition: all 0.7s !important;\n\t\t\t-o-transition: all 0.7s !important;\n\t\t\ttransition: all 0.7s !important;\n\t\t}<\/p>\n<p>\t\t\t\t#list_69e92ecc04e97 .wpucv-list article a.wpucv-read-more.wpucv-button{\n\t\t\tbackground-color: #5e5e5e !important;\n\t\t}<\/p>\n<p>\t\t\t\t#list_69e92ecc04e97 .wpucv-list article a.wpucv-read-more:hover,\n\t\t#list_69e92ecc04e97 .wpucv-list article a.wpucv-read-more:active,\n\t\t#list_69e92ecc04e97 .wpucv-list article a.wpucv-read-more.wpucv-button:hover,\n\t\t#list_69e92ecc04e97 .wpucv-list article a.wpucv-read-more.wpucv-button:active{\n\t\t\tcolor: #FFFFFF !important;\n\t\t}<\/p>\n<p>\t\t\t\t#list_69e92ecc04e97 .wpucv-list article a.wpucv-read-more.wpucv-button:hover,\n\t\t#list_69e92ecc04e97 .wpucv-list article a.wpucv-read-more.wpucv-button:active{\n\t\t\tbackground-color: #5e5e5e !important;\n\t\t}<\/p>\n<p>\t\t\t\t#list_69e92ecc04e97 .wpucv-pagination-wrapper .wpucv-pagination li a,\n\t\t#list_69e92ecc04e97 .wpucv-pagination-wrapper .wpucv-pagination li span{\n\t\t\tborder-radius: 50%;\n\t\t}<\/p>\n<p>\t\t#list_69e92ecc04e97 .wpucv-pagination-wrapper .wpucv-pagination li a{\n\t\t\t\t\t\tcolor: #FFFFFF !important;<\/p>\n<p>\t\t\t\t\t\tbackground-color: #4584ED !important;\n\t\t\t\t\t}<\/p>\n<p>\t\t#list_69e92ecc04e97 .wpucv-pagination-wrapper .wpucv-pagination li a:hover,\n\t\t#list_69e92ecc04e97 .wpucv-pagination-wrapper .wpucv-pagination li span{\n\t\t\t\t\t\tcolor: #FFFFFF !important;<\/p>\n<p>\t\t\t\t\t\tbackground-color: #adadad !important;\n\t\t\t\t\t}<\/p>\n<p>\t\t\t\t#list_69e92ecc04e97 .wpucv-list.wpucv-style06 article {\n\t\t\t text-align: center;\n\t\t}<\/p>\n<p>\t\t\t\t#list_69e92ecc04e97 .wpucv-list.wpucv-style02 article {\n\t\t\tpadding-left: 10px !important;\n\t\t\tpadding-right: 10px !important;\n\t\t}<\/p>\n<p>\t\t\t\t#list_69e92ecc04e97 .wpucv-list.wpucv-style02 article {\n\t\t\tpadding-top: 10px !important;\n\t\t\tpadding-bottom: 10px !important;\n\t\t}<\/p>\n<p>\t\t\t\t#list_69e92ecc04e97 .wpucv-list.wpucv-style05 .cell {\n\t\t\tpadding: 5px !important;\n\t\t}<\/p>\n<\/style>\n<div class=\"wpucv\" id=\"list_69e92ecc04e97\">\n<div class=\"wpucv-list-wrapper\">\n<div class=\"wpucv-list wpucv-style02\">\n<div class=\"grid-x\">\n<article id=\"post-2628\" class=\"cell small-12 medium-6 large-4\" itemscope itemtype=\"http:\/\/schema.org\/Article\">\n\t\t\t\t\t<a class=\"wpucv-image-link-wrapper\" href=\"https:\/\/museum.pctu.com.vn\/index.php\/2025\/10\/25\/thu-thuat-noi-soi-o-bung-dau-tien-tren-the-gioi\/\" title=\"TH\u1ee6 THU\u1eacT N\u1ed8I SOI \u1ed4 B\u1ee4NG \u0110\u1ea6U TI\u00caN TR\u00caN TH\u1ebe GI\u1edaI\"><br \/>\n\t\t\t\t\t\t\t\t\t\t\t<\/a><\/p>\n<h2 class=\"wpucv-post-title\" itemprop=\"name headline\">\n\t\t\t\t\t\t<a href=\"https:\/\/museum.pctu.com.vn\/index.php\/2025\/10\/25\/thu-thuat-noi-soi-o-bung-dau-tien-tren-the-gioi\/\">TH\u1ee6 THU\u1eacT N\u1ed8I SOI \u1ed4 B\u1ee4NG \u0110\u1ea6U TI\u00caN TR\u00caN TH\u1ebe GI\u1edaI<\/a><br \/>\n\t\t\t\t\t<\/h2>\n<div class=\"wpucv-post-meta\"><time datetime=\"2025-10-25\">October 25, 2025<\/time><\/div>\n<p class=\"wpucv-excerpt\">\u0110\u1ea7u th\u1ebf k\u1ef7 XX \u0111\u00e1nh d\u1ea5u b\u01b0\u1edbc ngo\u1eb7t quan tr\u1ecdng trong ng\u00e0nh ph\u1eabu thu\u1eadt khi m\u00f4 h\u00ecnh \u201cm\u1ed5 m\u1edf\u201d truy\u1ec1n&hellip;<\/p>\n<p><a class=\"wpucv-button wpucv-read-more\" href=\"https:\/\/museum.pctu.com.vn\/index.php\/2025\/10\/25\/thu-thuat-noi-soi-o-bung-dau-tien-tren-the-gioi\/\" title=\"TH\u1ee6 THU\u1eacT N\u1ed8I SOI \u1ed4 B\u1ee4NG \u0110\u1ea6U TI\u00caN TR\u00caN TH\u1ebe GI\u1edaI\">\u0110\u1ecdc ti\u1ebfp<\/a>\t\t\t\t<\/article>\n<article id=\"post-2626\" class=\"cell small-12 medium-6 large-4\" itemscope itemtype=\"http:\/\/schema.org\/Article\">\n\t\t\t\t\t<a class=\"wpucv-image-link-wrapper\" href=\"https:\/\/museum.pctu.com.vn\/index.php\/2025\/10\/25\/ca-ghep-gan-dau-tien-tren-the-gioi\/\" title=\"CA GH\u00c9P GAN \u0110\u1ea6U TI\u00caN TR\u00caN TH\u1ebe GI\u1edaI\"><br \/>\n\t\t\t\t\t\t\t\t\t\t\t<\/a><\/p>\n<h2 class=\"wpucv-post-title\" itemprop=\"name headline\">\n\t\t\t\t\t\t<a href=\"https:\/\/museum.pctu.com.vn\/index.php\/2025\/10\/25\/ca-ghep-gan-dau-tien-tren-the-gioi\/\">CA GH\u00c9P GAN \u0110\u1ea6U TI\u00caN TR\u00caN TH\u1ebe GI\u1edaI<\/a><br \/>\n\t\t\t\t\t<\/h2>\n<div class=\"wpucv-post-meta\"><time datetime=\"2025-10-25\">October 25, 2025<\/time><\/div>\n<p class=\"wpucv-excerpt\">Gh\u00e9p gan l\u00e0 m\u1ed9t trong nh\u1eefng th\u00e0nh t\u1ef1u v\u0129 \u0111\u1ea1i c\u1ee7a y h\u1ecdc hi\u1ec7n \u0111\u1ea1i \u2014 cho ph\u00e9p thay th\u1ebf&hellip;<\/p>\n<p><a class=\"wpucv-button wpucv-read-more\" href=\"https:\/\/museum.pctu.com.vn\/index.php\/2025\/10\/25\/ca-ghep-gan-dau-tien-tren-the-gioi\/\" title=\"CA GH\u00c9P GAN \u0110\u1ea6U TI\u00caN TR\u00caN TH\u1ebe GI\u1edaI\">\u0110\u1ecdc ti\u1ebfp<\/a>\t\t\t\t<\/article>\n<article id=\"post-2624\" class=\"cell small-12 medium-6 large-4\" itemscope itemtype=\"http:\/\/schema.org\/Article\">\n\t\t\t\t\t<a class=\"wpucv-image-link-wrapper\" href=\"https:\/\/museum.pctu.com.vn\/index.php\/2025\/10\/25\/ca-ghep-than-dau-tien-tren-the-gioi\/\" title=\"CA GH\u00c9P TH\u1eacN \u0110\u1ea6U TI\u00caN TR\u00caN TH\u1ebe GI\u1edaI\"><br \/>\n\t\t\t\t\t\t\t\t\t\t\t<\/a><\/p>\n<h2 class=\"wpucv-post-title\" itemprop=\"name headline\">\n\t\t\t\t\t\t<a href=\"https:\/\/museum.pctu.com.vn\/index.php\/2025\/10\/25\/ca-ghep-than-dau-tien-tren-the-gioi\/\">CA GH\u00c9P TH\u1eacN \u0110\u1ea6U TI\u00caN TR\u00caN TH\u1ebe GI\u1edaI<\/a><br \/>\n\t\t\t\t\t<\/h2>\n<div class=\"wpucv-post-meta\"><time datetime=\"2025-10-25\">October 25, 2025<\/time><\/div>\n<p class=\"wpucv-excerpt\">Gh\u00e9p th\u1eadn l\u00e0 m\u1ed9t trong nh\u1eefng d\u1ea5u m\u1ed1c quan tr\u1ecdng nh\u1ea5t c\u1ee7a y h\u1ecdc hi\u1ec7n \u0111\u1ea1i, m\u1edf ra hy v\u1ecdng&hellip;<\/p>\n<p><a class=\"wpucv-button wpucv-read-more\" href=\"https:\/\/museum.pctu.com.vn\/index.php\/2025\/10\/25\/ca-ghep-than-dau-tien-tren-the-gioi\/\" title=\"CA GH\u00c9P TH\u1eacN \u0110\u1ea6U TI\u00caN TR\u00caN TH\u1ebe GI\u1edaI\">\u0110\u1ecdc ti\u1ebfp<\/a>\t\t\t\t<\/article>\n<article id=\"post-2622\" class=\"cell small-12 medium-6 large-4\" itemscope itemtype=\"http:\/\/schema.org\/Article\">\n\t\t\t\t\t<a class=\"wpucv-image-link-wrapper\" href=\"https:\/\/museum.pctu.com.vn\/index.php\/2025\/10\/25\/ca-mo-ghep-xuong-uc-va-xuong-suon-dau-tien-tren-the-gioi\/\" title=\"Ca m\u1ed5 gh\u00e9p x\u01b0\u01a1ng \u1ee9c v\u00e0 x\u01b0\u01a1ng s\u01b0\u1eddn \u0111\u1ea7u ti\u00ean tr\u00ean th\u1ebf gi\u1edbi\"><br \/>\n\t\t\t\t\t\t\t\t\t\t\t<\/a><\/p>\n<h2 class=\"wpucv-post-title\" itemprop=\"name headline\">\n\t\t\t\t\t\t<a href=\"https:\/\/museum.pctu.com.vn\/index.php\/2025\/10\/25\/ca-mo-ghep-xuong-uc-va-xuong-suon-dau-tien-tren-the-gioi\/\">Ca m\u1ed5 gh\u00e9p x\u01b0\u01a1ng \u1ee9c v\u00e0 x\u01b0\u01a1ng s\u01b0\u1eddn \u0111\u1ea7u ti\u00ean tr\u00ean th\u1ebf gi\u1edbi<\/a><br \/>\n\t\t\t\t\t<\/h2>\n<div class=\"wpucv-post-meta\"><time datetime=\"2025-10-25\">October 25, 2025<\/time><\/div>\n<p class=\"wpucv-excerpt\">M\u1ed9t b\u1ec7nh nh\u00e2n ung th\u01b0 \u0111\u00e3 \u0111\u01b0\u1ee3c gh\u00e9p th\u00e0nh c\u00f4ng x\u01b0\u01a1ng \u1ee9c v\u00e0 x\u01b0\u01a1ng s\u01b0\u1eddn titan ch\u1ebf t\u1ea1o b\u1eb1ng c\u00f4ng&hellip;<\/p>\n<p><a class=\"wpucv-button wpucv-read-more\" href=\"https:\/\/museum.pctu.com.vn\/index.php\/2025\/10\/25\/ca-mo-ghep-xuong-uc-va-xuong-suon-dau-tien-tren-the-gioi\/\" title=\"Ca m\u1ed5 gh\u00e9p x\u01b0\u01a1ng \u1ee9c v\u00e0 x\u01b0\u01a1ng s\u01b0\u1eddn \u0111\u1ea7u ti\u00ean tr\u00ean th\u1ebf gi\u1edbi\">\u0110\u1ecdc ti\u1ebfp<\/a>\t\t\t\t<\/article>\n<article id=\"post-2620\" class=\"cell small-12 medium-6 large-4\" itemscope itemtype=\"http:\/\/schema.org\/Article\">\n\t\t\t\t\t<a class=\"wpucv-image-link-wrapper\" href=\"https:\/\/museum.pctu.com.vn\/index.php\/2025\/10\/25\/ca-phau-thuat-cho-bao-thai-song-sinh-ky-la-nhat-the-gioi\/\" title=\"Ca ph\u1eabu thu\u1eadt cho b\u00e0o thai song sinh k\u1ef3 l\u1ea1 nh\u1ea5t th\u1ebf gi\u1edbi\"><br \/>\n\t\t\t\t\t\t\t\t\t\t\t<\/a><\/p>\n<h2 class=\"wpucv-post-title\" itemprop=\"name headline\">\n\t\t\t\t\t\t<a href=\"https:\/\/museum.pctu.com.vn\/index.php\/2025\/10\/25\/ca-phau-thuat-cho-bao-thai-song-sinh-ky-la-nhat-the-gioi\/\">Ca ph\u1eabu thu\u1eadt cho b\u00e0o thai song sinh k\u1ef3 l\u1ea1 nh\u1ea5t th\u1ebf gi\u1edbi<\/a><br \/>\n\t\t\t\t\t<\/h2>\n<div class=\"wpucv-post-meta\"><time datetime=\"2025-10-25\">October 25, 2025<\/time><\/div>\n<p class=\"wpucv-excerpt\">Sau khi \u0111\u00e3 mang thai \u0111\u01b0\u1ee3c 6 th\u00e1ng, Keri Mc Cartney, m\u1ed9t ng\u01b0\u1eddi ph\u1ee5 n\u1eef s\u1ed1ng \u1edf Laredo, bang Texas&hellip;<\/p>\n<p><a class=\"wpucv-button wpucv-read-more\" href=\"https:\/\/museum.pctu.com.vn\/index.php\/2025\/10\/25\/ca-phau-thuat-cho-bao-thai-song-sinh-ky-la-nhat-the-gioi\/\" title=\"Ca ph\u1eabu thu\u1eadt cho b\u00e0o thai song sinh k\u1ef3 l\u1ea1 nh\u1ea5t th\u1ebf gi\u1edbi\">\u0110\u1ecdc ti\u1ebfp<\/a>\t\t\t\t<\/article>\n<article id=\"post-2618\" class=\"cell small-12 medium-6 large-4\" itemscope itemtype=\"http:\/\/schema.org\/Article\">\n\t\t\t\t\t<a class=\"wpucv-image-link-wrapper\" href=\"https:\/\/museum.pctu.com.vn\/index.php\/2025\/10\/25\/trung-quoc-thuc-hien-ca-phau-thuat-nao-tu-xa-qua-5g-dau-tien-tren-the-gioi\/\" title=\"Trung Qu\u1ed1c th\u1ef1c hi\u1ec7n ca ph\u1eabu thu\u1eadt n\u00e3o t\u1eeb xa qua 5G \u0111\u1ea7u ti\u00ean tr\u00ean th\u1ebf gi\u1edbi\"><br \/>\n\t\t\t\t\t\t\t\t\t\t\t<\/a><\/p>\n<h2 class=\"wpucv-post-title\" itemprop=\"name headline\">\n\t\t\t\t\t\t<a href=\"https:\/\/museum.pctu.com.vn\/index.php\/2025\/10\/25\/trung-quoc-thuc-hien-ca-phau-thuat-nao-tu-xa-qua-5g-dau-tien-tren-the-gioi\/\">Trung Qu\u1ed1c th\u1ef1c hi\u1ec7n ca ph\u1eabu thu\u1eadt n\u00e3o t\u1eeb xa qua 5G \u0111\u1ea7u ti\u00ean tr\u00ean th\u1ebf gi\u1edbi<\/a><br \/>\n\t\t\t\t\t<\/h2>\n<div class=\"wpucv-post-meta\"><time datetime=\"2025-10-25\">October 25, 2025<\/time><\/div>\n<p class=\"wpucv-excerpt\">Trung Qu\u1ed1c v\u1eeba th\u1ef1c hi\u1ec7n ca ph\u1eabu thu\u1eadt n\u00e3o t\u1eeb xa \u0111\u1ea7u ti\u00ean tr\u00ean th\u1ebf gi\u1edbi b\u1eb1ng c\u00f4ng ngh\u1ec7 5G,&hellip;<\/p>\n<p><a class=\"wpucv-button wpucv-read-more\" href=\"https:\/\/museum.pctu.com.vn\/index.php\/2025\/10\/25\/trung-quoc-thuc-hien-ca-phau-thuat-nao-tu-xa-qua-5g-dau-tien-tren-the-gioi\/\" title=\"Trung Qu\u1ed1c th\u1ef1c hi\u1ec7n ca ph\u1eabu thu\u1eadt n\u00e3o t\u1eeb xa qua 5G \u0111\u1ea7u ti\u00ean tr\u00ean th\u1ebf gi\u1edbi\">\u0110\u1ecdc ti\u1ebfp<\/a>\t\t\t\t<\/article>\n<article id=\"post-2616\" class=\"cell small-12 medium-6 large-4\" itemscope itemtype=\"http:\/\/schema.org\/Article\">\n\t\t\t\t\t<a class=\"wpucv-image-link-wrapper\" href=\"https:\/\/museum.pctu.com.vn\/index.php\/2025\/10\/25\/ca-phau-thuat-dau-tien-trong-khong-gian\/\" title=\"Ca ph\u1eabu thu\u1eadt \u0111\u1ea7u ti\u00ean trong kh\u00f4ng gian\"><br \/>\n\t\t\t\t\t\t\t\t\t\t\t<\/a><\/p>\n<h2 class=\"wpucv-post-title\" itemprop=\"name headline\">\n\t\t\t\t\t\t<a href=\"https:\/\/museum.pctu.com.vn\/index.php\/2025\/10\/25\/ca-phau-thuat-dau-tien-trong-khong-gian\/\">Ca ph\u1eabu thu\u1eadt \u0111\u1ea7u ti\u00ean trong kh\u00f4ng gian<\/a><br \/>\n\t\t\t\t\t<\/h2>\n<div class=\"wpucv-post-meta\"><time datetime=\"2025-10-25\">October 25, 2025<\/time><\/div>\n<p class=\"wpucv-excerpt\">Robot c\u00f3 t\u00ean SpaceMIRA, tham gia cu\u1ed9c th\u1eed nghi\u1ec7m m\u00f4 ph\u1ecfng ph\u1eabu thu\u1eadt do nh\u00e0 s\u1ea3n xu\u1ea5t c\u00f4ng ngh\u1ec7 y&hellip;<\/p>\n<p><a class=\"wpucv-button wpucv-read-more\" href=\"https:\/\/museum.pctu.com.vn\/index.php\/2025\/10\/25\/ca-phau-thuat-dau-tien-trong-khong-gian\/\" title=\"Ca ph\u1eabu thu\u1eadt \u0111\u1ea7u ti\u00ean trong kh\u00f4ng gian\">\u0110\u1ecdc ti\u1ebfp<\/a>\t\t\t\t<\/article>\n<article id=\"post-2614\" class=\"cell small-12 medium-6 large-4\" itemscope itemtype=\"http:\/\/schema.org\/Article\">\n\t\t\t\t\t<a class=\"wpucv-image-link-wrapper\" href=\"https:\/\/museum.pctu.com.vn\/index.php\/2025\/10\/25\/ca-ghep-than-heo-cho-nguoi-dau-tien-tren-the-gioi\/\" title=\"Ca gh\u00e9p th\u1eadn heo cho ng\u01b0\u1eddi \u0111\u1ea7u ti\u00ean tr\u00ean th\u1ebf gi\u1edbi\"><br \/>\n\t\t\t\t\t\t\t\t\t\t\t<\/a><\/p>\n<h2 class=\"wpucv-post-title\" itemprop=\"name headline\">\n\t\t\t\t\t\t<a href=\"https:\/\/museum.pctu.com.vn\/index.php\/2025\/10\/25\/ca-ghep-than-heo-cho-nguoi-dau-tien-tren-the-gioi\/\">Ca gh\u00e9p th\u1eadn heo cho ng\u01b0\u1eddi \u0111\u1ea7u ti\u00ean tr\u00ean th\u1ebf gi\u1edbi<\/a><br \/>\n\t\t\t\t\t<\/h2>\n<div class=\"wpucv-post-meta\"><time datetime=\"2025-10-25\">October 25, 2025<\/time><\/div>\n<p class=\"wpucv-excerpt\">Th\u00f4ng b\u00e1o c\u1ee7a B\u1ec7nh vi\u1ec7n \u0110a khoa Massachusetts cho bi\u1ebft b\u1ec7nh nh\u00e2n \u0111\u1ea7u ti\u00ean tr\u00ean th\u1ebf gi\u1edbi \u0111\u01b0\u1ee3c gh\u00e9p th\u1eadn&hellip;<\/p>\n<p><a class=\"wpucv-button wpucv-read-more\" href=\"https:\/\/museum.pctu.com.vn\/index.php\/2025\/10\/25\/ca-ghep-than-heo-cho-nguoi-dau-tien-tren-the-gioi\/\" title=\"Ca gh\u00e9p th\u1eadn heo cho ng\u01b0\u1eddi \u0111\u1ea7u ti\u00ean tr\u00ean th\u1ebf gi\u1edbi\">\u0110\u1ecdc ti\u1ebfp<\/a>\t\t\t\t<\/article>\n<article id=\"post-2612\" class=\"cell small-12 medium-6 large-4\" itemscope itemtype=\"http:\/\/schema.org\/Article\">\n\t\t\t\t\t<a class=\"wpucv-image-link-wrapper\" href=\"https:\/\/museum.pctu.com.vn\/index.php\/2025\/10\/25\/ca-ghep-tim-heo-vao-nguoi-dau-tien-tren-the-gioi\/\" title=\"Ca gh\u00e9p tim heo v\u00e0o ng\u01b0\u1eddi \u0111\u1ea7u ti\u00ean tr\u00ean th\u1ebf gi\u1edbi\"><br \/>\n\t\t\t\t\t\t\t\t\t\t\t<\/a><\/p>\n<h2 class=\"wpucv-post-title\" itemprop=\"name headline\">\n\t\t\t\t\t\t<a href=\"https:\/\/museum.pctu.com.vn\/index.php\/2025\/10\/25\/ca-ghep-tim-heo-vao-nguoi-dau-tien-tren-the-gioi\/\">Ca gh\u00e9p tim heo v\u00e0o ng\u01b0\u1eddi \u0111\u1ea7u ti\u00ean tr\u00ean th\u1ebf gi\u1edbi<\/a><br \/>\n\t\t\t\t\t<\/h2>\n<div class=\"wpucv-post-meta\"><time datetime=\"2025-10-25\">October 25, 2025<\/time><\/div>\n<p class=\"wpucv-excerpt\">Ca ph\u1eabu thu\u1eadt ng\u00e0y 7\/1\/2022 \u0111\u00e1nh d\u1ea5u l\u1ea7n \u0111\u1ea7u ti\u00ean m\u1ed9t c\u01a1 quan n\u1ed9i t\u1ea1ng \u1edf l\u1ee3n \u0111\u01b0\u1ee3c c\u1ea5y gh\u00e9p&hellip;<\/p>\n<p><a class=\"wpucv-button wpucv-read-more\" href=\"https:\/\/museum.pctu.com.vn\/index.php\/2025\/10\/25\/ca-ghep-tim-heo-vao-nguoi-dau-tien-tren-the-gioi\/\" title=\"Ca gh\u00e9p tim heo v\u00e0o ng\u01b0\u1eddi \u0111\u1ea7u ti\u00ean tr\u00ean th\u1ebf gi\u1edbi\">\u0110\u1ecdc ti\u1ebfp<\/a>\t\t\t\t<\/article>\n<\/p><\/div>\n<\/p><\/div>\n<\/p><\/div>\n<div class=\"wpucv-pagination-wrapper clearfix\">\n<nav aria-label=\"Pagination\">\n<ul class=\"wpucv-pagination\">\n<li class=\"current\"><span>1<\/span><\/li>\n<li><a href=\"javascript:void(0);\" onclick=\"wpucv_change_page('1212', 'list_69e92ecc04e97', 2)\">2<\/a><\/li>\n<li><a href=\"javascript:void(0);\" onclick=\"wpucv_change_page('1212', 'list_69e92ecc04e97', 3)\">3<\/a><\/li>\n<li><a href=\"javascript:void(0);\" onclick=\"wpucv_change_page('1212', 'list_69e92ecc04e97', 2)\"><\/a><\/li>\n<\/ul>\n<\/nav><\/div>\n<\/p><\/div>\n\t\t\t\t\t\t\t\t<\/div>\n\t\t\t\t<\/div>\n\t\t\t\t\t<\/div>\n\t\t<\/div>\n\t\t\t\t\t<\/div>\n\t\t<\/section>\n\t\t\t\t<\/div>\n\t\t","protected":false},"excerpt":{"rendered":"","protected":false},"author":1,"featured_media":1079,"parent":0,"menu_order":0,"comment_status":"closed","ping_status":"closed","template":"","meta":{"footnotes":""},"class_list":["post-949","page","type-page","status-publish","has-post-thumbnail","hentry"],"_links":{"self":[{"href":"https:\/\/museum.pctu.com.vn\/index.php\/wp-json\/wp\/v2\/pages\/949","targetHints":{"allow":["GET"]}}],"collection":[{"href":"https:\/\/museum.pctu.com.vn\/index.php\/wp-json\/wp\/v2\/pages"}],"about":[{"href":"https:\/\/museum.pctu.com.vn\/index.php\/wp-json\/wp\/v2\/types\/page"}],"author":[{"embeddable":true,"href":"https:\/\/museum.pctu.com.vn\/index.php\/wp-json\/wp\/v2\/users\/1"}],"replies":[{"embeddable":true,"href":"https:\/\/museum.pctu.com.vn\/index.php\/wp-json\/wp\/v2\/comments?post=949"}],"version-history":[{"count":8,"href":"https:\/\/museum.pctu.com.vn\/index.php\/wp-json\/wp\/v2\/pages\/949\/revisions"}],"predecessor-version":[{"id":2308,"href":"https:\/\/museum.pctu.com.vn\/index.php\/wp-json\/wp\/v2\/pages\/949\/revisions\/2308"}],"wp:featuredmedia":[{"embeddable":true,"href":"https:\/\/museum.pctu.com.vn\/index.php\/wp-json\/wp\/v2\/media\/1079"}],"wp:attachment":[{"href":"https:\/\/museum.pctu.com.vn\/index.php\/wp-json\/wp\/v2\/media?parent=949"}],"curies":[{"name":"wp","href":"https:\/\/api.w.org\/{rel}","templated":true}]}}