{"id":951,"date":"2023-12-26T07:53:32","date_gmt":"2023-12-26T00:53:32","guid":{"rendered":"http:\/\/localhost\/wordpress\/?page_id=951"},"modified":"2025-06-14T13:28:22","modified_gmt":"2025-06-14T06:28:22","slug":"vietnamese-healthcare","status":"publish","type":"page","link":"https:\/\/museum.pctu.com.vn\/index.php\/vietnamese-healthcare\/","title":{"rendered":"Y khoa Vi\u1ec7t Nam"},"content":{"rendered":"\t\t<div data-elementor-type=\"wp-page\" data-elementor-id=\"951\" class=\"elementor elementor-951\" data-elementor-post-type=\"page\">\n\t\t\t\t\t\t<section class=\"elementor-section elementor-top-section elementor-element elementor-element-6d50364f elementor-section-boxed elementor-section-height-default elementor-section-height-default\" data-id=\"6d50364f\" data-element_type=\"section\">\n\t\t\t\t\t\t<div class=\"elementor-container elementor-column-gap-default\">\n\t\t\t\t\t<div class=\"elementor-column elementor-col-100 elementor-top-column elementor-element elementor-element-f9315bf\" data-id=\"f9315bf\" data-element_type=\"column\">\n\t\t\t<div class=\"elementor-widget-wrap elementor-element-populated\">\n\t\t\t\t\t\t<div class=\"elementor-element elementor-element-6487b060 elementor-widget elementor-widget-text-editor\" data-id=\"6487b060\" data-element_type=\"widget\" data-widget_type=\"text-editor.default\">\n\t\t\t\t<div class=\"elementor-widget-container\">\n\t\t\t\t\t\t\t\t\t<style>\n<p>\t\t#list_69f4076eedc79 .wpucv-list article.wpucv-featured-post h2.wpucv-post-title {\n\t\t\t\t\t\tfont-size: 20px !important;<\/p>\n<p>\t\t\t\t\t\tline-height: 26px !important;<\/p>\n<p>\t\t\t\t\t\tfont-weight: 700 !important;\n\t\t\t\t\t}<\/p>\n<p>\t\t\t\t#list_69f4076eedc79 .wpucv-list article.wpucv-featured-post .wpucv-post-title,\n\t\t#list_69f4076eedc79 .wpucv-list article.wpucv-featured-post .wpucv-post-title a,\n\t\t#list_69f4076eedc79 .wpucv-list article.wpucv-featured-post .wpucv-post-title a:visited{\n\t\t\tcolor: #232323 !important;\n\t\t}<\/p>\n<p>\t\t\t\t#list_69f4076eedc79 .wpucv-list article.wpucv-featured-post .wpucv-post-title a:hover,\n\t\t#list_69f4076eedc79 .wpucv-list article.wpucv-featured-post .wpucv-post-title a:active {\n\t\t\tcolor: #232323 !important;\n\t\t}<\/p>\n<p>\t\t#list_69f4076eedc79 .wpucv-list article.wpucv-featured-post .wpucv-post-meta,\n\t\t#list_69f4076eedc79 .wpucv-list article.wpucv-featured-post .wpucv-post-meta a{\n\t\t\t\t\t\tfont-size: 12px !important;<\/p>\n<p>\t\t\t\t\t\tline-height: 16px !important;<\/p>\n<p>\t\t\t\t\t\tfont-weight: 400 !important;<\/p>\n<p>\t\t\t\t\t\tcolor: #888888 !important;\n\t\t\t\t\t}<\/p>\n<p>\t\t#list_69f4076eedc79 .wpucv-list article.wpucv-featured-post p.wpucv-excerpt{\n\t\t\t\t\t\tfont-size: 13px !important;<\/p>\n<p>\t\t\t\t\t\tline-height: 17px !important;<\/p>\n<p>\t\t\t\t\t\tfont-weight: 400 !important;<\/p>\n<p>\t\t\t\t\t\tcolor: #333333 !important;\n\t\t\t\t\t}<\/p>\n<p>\t\t#list_69f4076eedc79 .wpucv-list article.wpucv-featured-post a.wpucv-read-more,\n\t\t#list_69f4076eedc79 .wpucv-list article.wpucv-featured-post a.wpucv-read-more.wpucv-button{\n\t\t\t\t\t\tcolor: #FFFFFF !important;<\/p>\n<p>\t\t\t\t\t\tfont-size: 14px !important;<\/p>\n<p>\t\t\t\t\t\tline-height: 14px !important;<\/p>\n<p>\t\t\t\t\t\tfont-weight: 400 !important;<\/p>\n<p>\t\t\t-webkit-transition: all 0.7s !important;\n\t\t\t-moz-transition: all 0.7s !important;\n\t\t\t-o-transition: all 0.7s !important;\n\t\t\ttransition: all 0.7s !important;\n\t\t}<\/p>\n<p>\t\t\t\t#list_69f4076eedc79 .wpucv-list article.wpucv-featured-post a.wpucv-read-more,\n\t\t#list_69f4076eedc79 .wpucv-list article.wpucv-featured-post a.wpucv-read-more.wpucv-button{\n\t\t\tbackground-color: #5e5e5e !important;\n\t\t}<\/p>\n<p>\t\t\t\t#list_69f4076eedc79 .wpucv-list article.wpucv-featured-post a.wpucv-read-more:hover,\n\t\t#list_69f4076eedc79 .wpucv-list article.wpucv-featured-post a.wpucv-read-more:active,\n\t\t#list_69f4076eedc79 .wpucv-list article.wpucv-featured-post a.wpucv-read-more.wpucv-button:hover,\n\t\t#list_69f4076eedc79 .wpucv-list article.wpucv-featured-post a.wpucv-read-more.wpucv-button:active{\n\t\t\tcolor: #FFFFFF !important;\n\t\t}<\/p>\n<p>\t\t\t\t#list_69f4076eedc79 .wpucv-list article.wpucv-featured-post a.wpucv-read-more.wpucv-button:hover,\n\t\t#list_69f4076eedc79 .wpucv-list article.wpucv-featured-post a.wpucv-read-more.wpucv-button:active{\n\t\t\tbackground-color: #5e5e5e !important;\n\t\t}<\/p>\n<p>\t\t#list_69f4076eedc79 .wpucv-list article h2.wpucv-post-title{\n\t\t\t\t\t\tfont-size: 20px !important;<\/p>\n<p>\t\t\t\t\t\tline-height: 26px !important;<\/p>\n<p>\t\t\t\t\t\tfont-weight: 700 !important;\n\t\t\t\t\t}<\/p>\n<p>\t\t\t\t#list_69f4076eedc79 .wpucv-list article .wpucv-post-title,\n\t\t#list_69f4076eedc79 .wpucv-list article .wpucv-post-title a,\n\t\t#list_69f4076eedc79 .wpucv-list article .wpucv-post-title a:visited{\n\t\t\tcolor: #232323 !important;\n\t\t}<\/p>\n<p>\t\t\t\t#list_69f4076eedc79 .wpucv-list article .wpucv-post-title a:hover,\n\t\t#list_69f4076eedc79 .wpucv-list article .wpucv-post-title a:active {\n\t\t\tcolor: #232323 !important;\n\t\t}<\/p>\n<p>\t\t#list_69f4076eedc79 .wpucv-list article .wpucv-post-meta{\n\t\t\t\t\t\tfont-size: 12px !important;<\/p>\n<p>\t\t\t\t\t\tline-height: 16px !important;<\/p>\n<p>\t\t\t\t\t\tfont-weight: 400 !important;\n\t\t\t\t\t}<\/p>\n<p>\t\t\t\t#list_69f4076eedc79 .wpucv-list article .wpucv-post-meta,\n\t\t#list_69f4076eedc79 .wpucv-list article .wpucv-post-meta a,\n\t\t#list_69f4076eedc79 .wpucv-list article .wpucv-post-meta a:visited,\n\t\t#list_69f4076eedc79 .wpucv-list article .wpucv-post-meta a:hover,\n\t\t#list_69f4076eedc79 .wpucv-list article .wpucv-post-meta a:active{\n\t\t\tcolor: #888888 !important;\n\t\t}<\/p>\n<p>\t\t#list_69f4076eedc79 .wpucv-list article p.wpucv-excerpt{\n\t\t\t\t\t\tfont-size: 13px !important;<\/p>\n<p>\t\t\t\t\t\tline-height: 17px !important;<\/p>\n<p>\t\t\t\t\t\tfont-weight: 400 !important;<\/p>\n<p>\t\t\t\t\t\tcolor: #333333 !important;\n\t\t\t\t\t}<\/p>\n<p>\t\t#list_69f4076eedc79 .wpucv-list article a.wpucv-read-more,\n\t\t#list_69f4076eedc79 .wpucv-list article a.wpucv-read-more.wpucv-button{\n\t\t\t\t\t\tcolor: #FFFFFF !important;<\/p>\n<p>\t\t\t\t\t\tfont-size: 14px !important;<\/p>\n<p>\t\t\t\t\t\tline-height: 14px !important;<\/p>\n<p>\t\t\t\t\t\tfont-weight: 400 !important;<\/p>\n<p>\t\t\t-webkit-transition: all 0.7s !important;\n\t\t\t-moz-transition: all 0.7s !important;\n\t\t\t-o-transition: all 0.7s !important;\n\t\t\ttransition: all 0.7s !important;\n\t\t}<\/p>\n<p>\t\t\t\t#list_69f4076eedc79 .wpucv-list article a.wpucv-read-more.wpucv-button{\n\t\t\tbackground-color: #5e5e5e !important;\n\t\t}<\/p>\n<p>\t\t\t\t#list_69f4076eedc79 .wpucv-list article a.wpucv-read-more:hover,\n\t\t#list_69f4076eedc79 .wpucv-list article a.wpucv-read-more:active,\n\t\t#list_69f4076eedc79 .wpucv-list article a.wpucv-read-more.wpucv-button:hover,\n\t\t#list_69f4076eedc79 .wpucv-list article a.wpucv-read-more.wpucv-button:active{\n\t\t\tcolor: #FFFFFF !important;\n\t\t}<\/p>\n<p>\t\t\t\t#list_69f4076eedc79 .wpucv-list article a.wpucv-read-more.wpucv-button:hover,\n\t\t#list_69f4076eedc79 .wpucv-list article a.wpucv-read-more.wpucv-button:active{\n\t\t\tbackground-color: #5e5e5e !important;\n\t\t}<\/p>\n<p>\t\t#list_69f4076eedc79 .wpucv-pagination-wrapper .wpucv-pagination li a{\n\t\t\t\t\t\tcolor: #FFFFFF !important;<\/p>\n<p>\t\t\t\t\t\tbackground-color: #4584ED !important;\n\t\t\t\t\t}<\/p>\n<p>\t\t#list_69f4076eedc79 .wpucv-pagination-wrapper .wpucv-pagination li a:hover,\n\t\t#list_69f4076eedc79 .wpucv-pagination-wrapper .wpucv-pagination li span{\n\t\t\t\t\t\tcolor: #FFFFFF !important;<\/p>\n<p>\t\t\t\t\t\tbackground-color: #adadad !important;\n\t\t\t\t\t}<\/p>\n<p>\t\t\t\t#list_69f4076eedc79 .wpucv-list.wpucv-style06 article {\n\t\t\t text-align: center;\n\t\t}<\/p>\n<p>\t\t\t\t#list_69f4076eedc79 .wpucv-list.wpucv-style02 article {\n\t\t\tpadding-left: 10px !important;\n\t\t\tpadding-right: 10px !important;\n\t\t}<\/p>\n<p>\t\t\t\t#list_69f4076eedc79 .wpucv-list.wpucv-style02 article {\n\t\t\tpadding-top: 10px !important;\n\t\t\tpadding-bottom: 10px !important;\n\t\t}<\/p>\n<p>\t\t\t\t#list_69f4076eedc79 .wpucv-list.wpucv-style05 .cell {\n\t\t\tpadding: 5px !important;\n\t\t}<\/p>\n<\/style>\n<div class=\"wpucv\" id=\"list_69f4076eedc79\">\n<div class=\"wpucv-list-wrapper\">\n<div class=\"wpucv-list wpucv-style02\">\n<div class=\"grid-x\">\n<article id=\"post-2682\" class=\"cell small-12 medium-6 large-4\" itemscope itemtype=\"http:\/\/schema.org\/Article\">\n\t\t\t\t\t<a class=\"wpucv-image-link-wrapper\" href=\"https:\/\/museum.pctu.com.vn\/index.php\/2026\/01\/05\/phau-thuat-thanh-cong-khoi-u-xo-tu-cung-nang-5kg\/\" title=\"PH\u1eaaU THU\u1eacT TH\u00c0NH C\u00d4NG KH\u1ed0I U X\u01a0 T\u1eec CUNG N\u1eb6NG 5KG\"><br \/>\n\t\t\t\t\t\t\t\t\t\t\t\t\t<img decoding=\"async\" class=\"wpucv-image-responsive\" src=\"https:\/\/museum.pctu.com.vn\/wp-content\/uploads\/2026\/01\/u1-360x240.jpg\" srcset=\"https:\/\/museum.pctu.com.vn\/wp-content\/uploads\/2026\/01\/u1-360x240.jpg 360w, https:\/\/museum.pctu.com.vn\/wp-content\/uploads\/2026\/01\/u1-600x400.jpg 600w\" sizes=\"(max-width: 639px) 600w, (min-width: 640px) 360w\" title=\"PH\u1eaaU THU\u1eacT TH\u00c0NH C\u00d4NG KH\u1ed0I U X\u01a0 T\u1eec CUNG N\u1eb6NG 5KG\" alt=\"PH\u1eaaU THU\u1eacT TH\u00c0NH C\u00d4NG KH\u1ed0I U X\u01a0 T\u1eec CUNG N\u1eb6NG 5KG\" itemprop=\"image\"><br \/>\n\t\t\t\t\t\t\t\t\t\t\t<\/a><\/p>\n<h2 class=\"wpucv-post-title\" itemprop=\"name headline\">\n\t\t\t\t\t\t<a href=\"https:\/\/museum.pctu.com.vn\/index.php\/2026\/01\/05\/phau-thuat-thanh-cong-khoi-u-xo-tu-cung-nang-5kg\/\">PH\u1eaaU THU\u1eacT TH\u00c0NH C\u00d4NG KH\u1ed0I U X\u01a0 T\u1eec CUNG N\u1eb6NG 5KG<\/a><br \/>\n\t\t\t\t\t<\/h2>\n<div class=\"wpucv-post-meta\"><time datetime=\"2026-01-05\">January 5, 2026<\/time><\/div>\n<p class=\"wpucv-excerpt\">Ng\u00e0y 15\/10\/2024, c\u00e1c b\u00e1c s\u0129 B\u1ec7nh vi\u1ec7n T\u00e2m Tr\u00ed \u0110\u00e0 N\u1eb5ng \u0111\u00e3 ph\u1eabu thu\u1eadt th\u00e0nh c\u00f4ng cho m\u1ed9t b\u1ec7nh nh\u00e2n&hellip;<\/p>\n<p><a class=\" wpucv-read-more\" href=\"https:\/\/museum.pctu.com.vn\/index.php\/2026\/01\/05\/phau-thuat-thanh-cong-khoi-u-xo-tu-cung-nang-5kg\/\" title=\"PH\u1eaaU THU\u1eacT TH\u00c0NH C\u00d4NG KH\u1ed0I U X\u01a0 T\u1eec CUNG N\u1eb6NG 5KG\">T\u00ecm hi\u1ec3u th\u00eam<\/a>\t\t\t\t<\/article>\n<article id=\"post-2633\" class=\"cell small-12 medium-6 large-4\" itemscope itemtype=\"http:\/\/schema.org\/Article\">\n\t\t\t\t\t<a class=\"wpucv-image-link-wrapper\" href=\"https:\/\/museum.pctu.com.vn\/index.php\/2025\/11\/04\/lich-su-y-hoc-co-truyen-viet-nam\/\" title=\"L\u1ecbch s\u1eed y h\u1ecdc c\u1ed5 truy\u1ec1n Vi\u1ec7t Nam\"><br \/>\n\t\t\t\t\t\t\t\t\t\t\t<\/a><\/p>\n<h2 class=\"wpucv-post-title\" itemprop=\"name headline\">\n\t\t\t\t\t\t<a href=\"https:\/\/museum.pctu.com.vn\/index.php\/2025\/11\/04\/lich-su-y-hoc-co-truyen-viet-nam\/\">L\u1ecbch s\u1eed y h\u1ecdc c\u1ed5 truy\u1ec1n Vi\u1ec7t Nam<\/a><br \/>\n\t\t\t\t\t<\/h2>\n<div class=\"wpucv-post-meta\"><time datetime=\"2025-11-04\">November 4, 2025<\/time><\/div>\n<p class=\"wpucv-excerpt\">TH\u1edcI C\u1ed4 \u0110\u1ea0I (T\u1eea \u0110\u1ea6U TH\u1ebe K\u1ef6 I \u2013 TH\u1ebe K\u1ef6 III SAU CNT) Ch\u1ec9 \u0111\u01b0\u1ee3c ghi nh\u1eadn d\u01b0\u1edbi h\u00ecnh&hellip;<\/p>\n<p><a class=\" wpucv-read-more\" href=\"https:\/\/museum.pctu.com.vn\/index.php\/2025\/11\/04\/lich-su-y-hoc-co-truyen-viet-nam\/\" title=\"L\u1ecbch s\u1eed y h\u1ecdc c\u1ed5 truy\u1ec1n Vi\u1ec7t Nam\">T\u00ecm hi\u1ec3u th\u00eam<\/a>\t\t\t\t<\/article>\n<article id=\"post-2631\" class=\"cell small-12 medium-6 large-4\" itemscope itemtype=\"http:\/\/schema.org\/Article\">\n\t\t\t\t\t<a class=\"wpucv-image-link-wrapper\" href=\"https:\/\/museum.pctu.com.vn\/index.php\/2025\/11\/04\/mo-duoi-ham-thoi-chien-tranh-va-khong-co-thuoc-gay-me\/\" title=\"M\u1ed5 d\u01b0\u1edbi h\u1ea7m th\u1eddi chi\u1ebfn tranh v\u00e0 kh\u00f4ng c\u00f3 thu\u1ed1c g\u00e2y m\u00ea\"><br \/>\n\t\t\t\t\t\t\t\t\t\t\t<\/a><\/p>\n<h2 class=\"wpucv-post-title\" itemprop=\"name headline\">\n\t\t\t\t\t\t<a href=\"https:\/\/museum.pctu.com.vn\/index.php\/2025\/11\/04\/mo-duoi-ham-thoi-chien-tranh-va-khong-co-thuoc-gay-me\/\">M\u1ed5 d\u01b0\u1edbi h\u1ea7m th\u1eddi chi\u1ebfn tranh v\u00e0 kh\u00f4ng c\u00f3 thu\u1ed1c g\u00e2y m\u00ea<\/a><br \/>\n\t\t\t\t\t<\/h2>\n<div class=\"wpucv-post-meta\"><time datetime=\"2025-11-04\">November 4, 2025<\/time><\/div>\n<p class=\"wpucv-excerpt\">Trong su\u1ed1t ca ph\u1eabu thu\u1eadt, b\u1ec7nh nh\u00e2n k\u00eau g\u00e0o li\u00ean t\u1ee5c v\u00e0 do qu\u00e1 \u0111au \u0111\u1edbn, nhi\u1ec1u l\u00fac ng\u1ea5t \u0111i.&hellip;<\/p>\n<p><a class=\" wpucv-read-more\" href=\"https:\/\/museum.pctu.com.vn\/index.php\/2025\/11\/04\/mo-duoi-ham-thoi-chien-tranh-va-khong-co-thuoc-gay-me\/\" title=\"M\u1ed5 d\u01b0\u1edbi h\u1ea7m th\u1eddi chi\u1ebfn tranh v\u00e0 kh\u00f4ng c\u00f3 thu\u1ed1c g\u00e2y m\u00ea\">T\u00ecm hi\u1ec3u th\u00eam<\/a>\t\t\t\t<\/article>\n<article id=\"post-2608\" class=\"cell small-12 medium-6 large-4\" itemscope itemtype=\"http:\/\/schema.org\/Article\">\n\t\t\t\t\t<a class=\"wpucv-image-link-wrapper\" href=\"https:\/\/museum.pctu.com.vn\/index.php\/2025\/10\/25\/viet-nam-che-tao-thanh-cong-bo-kit-phat-hien-sars-cov-2-dat-chuan-who\/\" title=\"Vi\u1ec7t Nam ch\u1ebf t\u1ea1o th\u00e0nh c\u00f4ng b\u1ed9 Kit ph\u00e1t hi\u1ec7n SARS-CoV-2 \u0111\u1ea1t chu\u1ea9n WHO\"><br \/>\n\t\t\t\t\t\t\t\t\t\t\t<\/a><\/p>\n<h2 class=\"wpucv-post-title\" itemprop=\"name headline\">\n\t\t\t\t\t\t<a href=\"https:\/\/museum.pctu.com.vn\/index.php\/2025\/10\/25\/viet-nam-che-tao-thanh-cong-bo-kit-phat-hien-sars-cov-2-dat-chuan-who\/\">Vi\u1ec7t Nam ch\u1ebf t\u1ea1o th\u00e0nh c\u00f4ng b\u1ed9 Kit ph\u00e1t hi\u1ec7n SARS-CoV-2 \u0111\u1ea1t chu\u1ea9n WHO<\/a><br \/>\n\t\t\t\t\t<\/h2>\n<div class=\"wpucv-post-meta\"><time datetime=\"2025-10-25\">October 25, 2025<\/time><\/div>\n<p class=\"wpucv-excerpt\">B\u1ed9 Kit ph\u00e1t hi\u1ec7n SARS-CoV-2 c\u1ee7a Vi\u1ec7n C\u00f4ng ngh\u1ec7 sinh h\u1ecdc \u0111\u00e3 th\u1eed nghi\u1ec7m th\u00e0nh c\u00f4ng v\u00e0 \u0111\u1ea1t ti\u00eau chu\u1ea9n&hellip;<\/p>\n<p><a class=\" wpucv-read-more\" href=\"https:\/\/museum.pctu.com.vn\/index.php\/2025\/10\/25\/viet-nam-che-tao-thanh-cong-bo-kit-phat-hien-sars-cov-2-dat-chuan-who\/\" title=\"Vi\u1ec7t Nam ch\u1ebf t\u1ea1o th\u00e0nh c\u00f4ng b\u1ed9 Kit ph\u00e1t hi\u1ec7n SARS-CoV-2 \u0111\u1ea1t chu\u1ea9n WHO\">T\u00ecm hi\u1ec3u th\u00eam<\/a>\t\t\t\t<\/article>\n<article id=\"post-2596\" class=\"cell small-12 medium-6 large-4\" itemscope itemtype=\"http:\/\/schema.org\/Article\">\n\t\t\t\t\t<a class=\"wpucv-image-link-wrapper\" href=\"https:\/\/museum.pctu.com.vn\/index.php\/2025\/10\/25\/cac-quy-dinh-lien-quan-den-y-te-trong-bo-luat-hong-duc\/\" title=\"C\u00e1c quy \u0111\u1ecbnh li\u00ean quan \u0111\u1ebfn y t\u1ebf trong B\u1ed9 lu\u1eadt H\u1ed3ng \u0110\u1ee9c\"><br \/>\n\t\t\t\t\t\t\t\t\t\t\t<\/a><\/p>\n<h2 class=\"wpucv-post-title\" itemprop=\"name headline\">\n\t\t\t\t\t\t<a href=\"https:\/\/museum.pctu.com.vn\/index.php\/2025\/10\/25\/cac-quy-dinh-lien-quan-den-y-te-trong-bo-luat-hong-duc\/\">C\u00e1c quy \u0111\u1ecbnh li\u00ean quan \u0111\u1ebfn y t\u1ebf trong B\u1ed9 lu\u1eadt H\u1ed3ng \u0110\u1ee9c<\/a><br \/>\n\t\t\t\t\t<\/h2>\n<div class=\"wpucv-post-meta\"><time datetime=\"2025-10-25\">October 25, 2025<\/time><\/div>\n<p class=\"wpucv-excerpt\">&nbsp; B\u1ed9 lu\u1eadt H\u1ed3ng \u0110\u1ee9c (c\u00f2n g\u1ecdi l\u00e0 Qu\u1ed1c tri\u1ec1u h\u00ecnh lu\u1eadt) \u0111\u01b0\u1ee3c ban h\u00e0nh d\u01b0\u1edbi tri\u1ec1u vua L\u00ea Th\u00e1nh&hellip;<\/p>\n<p><a class=\" wpucv-read-more\" href=\"https:\/\/museum.pctu.com.vn\/index.php\/2025\/10\/25\/cac-quy-dinh-lien-quan-den-y-te-trong-bo-luat-hong-duc\/\" title=\"C\u00e1c quy \u0111\u1ecbnh li\u00ean quan \u0111\u1ebfn y t\u1ebf trong B\u1ed9 lu\u1eadt H\u1ed3ng \u0110\u1ee9c\">T\u00ecm hi\u1ec3u th\u00eam<\/a>\t\t\t\t<\/article>\n<article id=\"post-2132\" class=\"cell small-12 medium-6 large-4\" itemscope itemtype=\"http:\/\/schema.org\/Article\">\n\t\t\t\t\t<a class=\"wpucv-image-link-wrapper\" href=\"https:\/\/museum.pctu.com.vn\/index.php\/2025\/04\/23\/thuyen-tan-thuoc-dong-y-hoi-uc-mot-nghe-luong-y\/\" title=\"Thuy\u1ec1n T\u00e1n Thu\u1ed1c \u0110\u00f4ng Y \u2013 H\u1ed3i \u1ee8c M\u1ed9t Ngh\u1ec1 L\u01b0\u01a1ng Y\"><br \/>\n\t\t\t\t\t\t\t\t\t\t\t\t\t<img decoding=\"async\" class=\"wpucv-image-responsive\" src=\"https:\/\/museum.pctu.com.vn\/wp-content\/uploads\/2025\/04\/2-360x240.webp\" srcset=\"https:\/\/museum.pctu.com.vn\/wp-content\/uploads\/2025\/04\/2-360x240.webp 360w, https:\/\/museum.pctu.com.vn\/wp-content\/uploads\/2025\/04\/2.webp 600w\" sizes=\"(max-width: 639px) 600w, (min-width: 640px) 360w\" title=\"Thuy\u1ec1n T\u00e1n Thu\u1ed1c \u0110\u00f4ng Y \u2013 H\u1ed3i \u1ee8c M\u1ed9t Ngh\u1ec1 L\u01b0\u01a1ng Y\" alt=\"Thuy\u1ec1n T\u00e1n Thu\u1ed1c \u0110\u00f4ng Y \u2013 H\u1ed3i \u1ee8c M\u1ed9t Ngh\u1ec1 L\u01b0\u01a1ng Y\" itemprop=\"image\"><br \/>\n\t\t\t\t\t\t\t\t\t\t\t<\/a><\/p>\n<h2 class=\"wpucv-post-title\" itemprop=\"name headline\">\n\t\t\t\t\t\t<a href=\"https:\/\/museum.pctu.com.vn\/index.php\/2025\/04\/23\/thuyen-tan-thuoc-dong-y-hoi-uc-mot-nghe-luong-y\/\">Thuy\u1ec1n T\u00e1n Thu\u1ed1c \u0110\u00f4ng Y \u2013 H\u1ed3i \u1ee8c M\u1ed9t Ngh\u1ec1 L\u01b0\u01a1ng Y<\/a><br \/>\n\t\t\t\t\t<\/h2>\n<div class=\"wpucv-post-meta\"><time datetime=\"2025-04-23\">April 23, 2025<\/time><\/div>\n<p class=\"wpucv-excerpt\">\u00a0Gi\u1edbi thi\u1ec7u Trong kho t\u00e0ng di s\u1ea3n y h\u1ecdc c\u1ed5 truy\u1ec1n Vi\u1ec7t Nam, h\u00ecnh \u1ea3nh chi\u1ebfc thuy\u1ec1n t\u00e1n thu\u1ed1c l\u00e0&hellip;<\/p>\n<p><a class=\" wpucv-read-more\" href=\"https:\/\/museum.pctu.com.vn\/index.php\/2025\/04\/23\/thuyen-tan-thuoc-dong-y-hoi-uc-mot-nghe-luong-y\/\" title=\"Thuy\u1ec1n T\u00e1n Thu\u1ed1c \u0110\u00f4ng Y \u2013 H\u1ed3i \u1ee8c M\u1ed9t Ngh\u1ec1 L\u01b0\u01a1ng Y\">T\u00ecm hi\u1ec3u th\u00eam<\/a>\t\t\t\t<\/article>\n<article id=\"post-2089\" class=\"cell small-12 medium-6 large-4\" itemscope itemtype=\"http:\/\/schema.org\/Article\">\n\t\t\t\t\t<a class=\"wpucv-image-link-wrapper\" href=\"https:\/\/museum.pctu.com.vn\/index.php\/2025\/02\/06\/bao-tang-y-khoa-apollo\/\" title=\"B\u1ea3o T\u00e0ng Y Khoa Apollo\"><br \/>\n\t\t\t\t\t\t\t\t\t\t\t\t\t<img decoding=\"async\" class=\"wpucv-image-responsive\" src=\"https:\/\/museum.pctu.com.vn\/wp-content\/uploads\/2024\/01\/Enscape_2023-10-19-09-48-43-scaled.jpg\" srcset=\"https:\/\/museum.pctu.com.vn\/wp-content\/uploads\/2024\/01\/Enscape_2023-10-19-09-48-43-scaled.jpg 360w, https:\/\/museum.pctu.com.vn\/wp-content\/uploads\/2024\/01\/Enscape_2023-10-19-09-48-43-scaled.jpg 600w\" sizes=\"(max-width: 639px) 600w, (min-width: 640px) 360w\" title=\"B\u1ea3o T\u00e0ng Y Khoa Apollo\" alt=\"B\u1ea3o T\u00e0ng Y Khoa Apollo\" itemprop=\"image\"><br \/>\n\t\t\t\t\t\t\t\t\t\t\t<\/a><\/p>\n<h2 class=\"wpucv-post-title\" itemprop=\"name headline\">\n\t\t\t\t\t\t<a href=\"https:\/\/museum.pctu.com.vn\/index.php\/2025\/02\/06\/bao-tang-y-khoa-apollo\/\">B\u1ea3o T\u00e0ng Y Khoa Apollo<\/a><br \/>\n\t\t\t\t\t<\/h2>\n<div class=\"wpucv-post-meta\"><time datetime=\"2025-02-06\">February 6, 2025<\/time><\/div>\n<p class=\"wpucv-excerpt\">B\u1ea2O T\u00c0NG Y KHOA APOLLO \u2013 TR\u01af\u1edcNG \u0110\u1ea0I H\u1eccC PHAN CH\u00c2U TRINH B\u1ea3o t\u00e0ng Y khoa Apollo l\u00e0 s\u1ef1 k\u1ebft&hellip;<\/p>\n<p><a class=\" wpucv-read-more\" href=\"https:\/\/museum.pctu.com.vn\/index.php\/2025\/02\/06\/bao-tang-y-khoa-apollo\/\" title=\"B\u1ea3o T\u00e0ng Y Khoa Apollo\">T\u00ecm hi\u1ec3u th\u00eam<\/a>\t\t\t\t<\/article>\n<article id=\"post-1781\" class=\"cell small-12 medium-6 large-4\" itemscope itemtype=\"http:\/\/schema.org\/Article\">\n\t\t\t\t\t<a class=\"wpucv-image-link-wrapper\" href=\"https:\/\/museum.pctu.com.vn\/index.php\/2024\/06\/27\/truong-y-khoa-dong-duong-truong-dai-hoc-y-khoa-lau-doi-nhat-cua-viet-nam\/\" title=\"Tr\u01b0\u1eddng Y Khoa \u0110\u00f4ng D\u01b0\u01a1ng-Tr\u01b0\u1eddng \u0110\u1ea1i H\u1ecdc Y Khoa l\u00e2u \u0111\u1eddi nh\u1ea5t c\u1ee7a Vi\u1ec7t Nam\"><br \/>\n\t\t\t\t\t\t\t\t\t\t\t\t\t<img decoding=\"async\" class=\"wpucv-image-responsive\" src=\"https:\/\/museum.pctu.com.vn\/wp-content\/uploads\/2024\/06\/y-khoa-dong-duong-360x240.jpg\" srcset=\"https:\/\/museum.pctu.com.vn\/wp-content\/uploads\/2024\/06\/y-khoa-dong-duong-360x240.jpg 360w, https:\/\/museum.pctu.com.vn\/wp-content\/uploads\/2024\/06\/y-khoa-dong-duong-600x400.jpg 600w\" sizes=\"(max-width: 639px) 600w, (min-width: 640px) 360w\" title=\"Tr\u01b0\u1eddng Y Khoa \u0110\u00f4ng D\u01b0\u01a1ng-Tr\u01b0\u1eddng \u0110\u1ea1i H\u1ecdc Y Khoa l\u00e2u \u0111\u1eddi nh\u1ea5t c\u1ee7a Vi\u1ec7t Nam\" alt=\"Tr\u01b0\u1eddng Y Khoa \u0110\u00f4ng D\u01b0\u01a1ng-Tr\u01b0\u1eddng \u0110\u1ea1i H\u1ecdc Y Khoa l\u00e2u \u0111\u1eddi nh\u1ea5t c\u1ee7a Vi\u1ec7t Nam\" itemprop=\"image\"><br \/>\n\t\t\t\t\t\t\t\t\t\t\t<\/a><\/p>\n<h2 class=\"wpucv-post-title\" itemprop=\"name headline\">\n\t\t\t\t\t\t<a href=\"https:\/\/museum.pctu.com.vn\/index.php\/2024\/06\/27\/truong-y-khoa-dong-duong-truong-dai-hoc-y-khoa-lau-doi-nhat-cua-viet-nam\/\">Tr\u01b0\u1eddng Y Khoa \u0110\u00f4ng D\u01b0\u01a1ng-Tr\u01b0\u1eddng \u0110\u1ea1i H\u1ecdc Y Khoa l\u00e2u \u0111\u1eddi nh\u1ea5t c\u1ee7a Vi\u1ec7t Nam<\/a><br \/>\n\t\t\t\t\t<\/h2>\n<div class=\"wpucv-post-meta\"><time datetime=\"2024-06-27\">June 27, 2024<\/time><\/div>\n<p class=\"wpucv-excerpt\">Tr\u01b0\u1eddng \u0110\u1ea1i h\u1ecdc Y H\u00e0 N\u1ed9i (Ti\u1ec1n th\u00e2n c\u1ee7a tr\u01b0\u1eddng Y khoa H\u00e0 N\u1ed9i l\u00e0 \u00c9cole de M\u00e9decine de l\u2019Indochine&hellip;<\/p>\n<p><a class=\" wpucv-read-more\" href=\"https:\/\/museum.pctu.com.vn\/index.php\/2024\/06\/27\/truong-y-khoa-dong-duong-truong-dai-hoc-y-khoa-lau-doi-nhat-cua-viet-nam\/\" title=\"Tr\u01b0\u1eddng Y Khoa \u0110\u00f4ng D\u01b0\u01a1ng-Tr\u01b0\u1eddng \u0110\u1ea1i H\u1ecdc Y Khoa l\u00e2u \u0111\u1eddi nh\u1ea5t c\u1ee7a Vi\u1ec7t Nam\">T\u00ecm hi\u1ec3u th\u00eam<\/a>\t\t\t\t<\/article>\n<article id=\"post-1193\" class=\"cell small-12 medium-6 large-4\" itemscope itemtype=\"http:\/\/schema.org\/Article\">\n\t\t\t\t\t<a class=\"wpucv-image-link-wrapper\" href=\"https:\/\/museum.pctu.com.vn\/index.php\/2024\/01\/28\/le-huu-trac-ong-to-nganh-y-viet-nam\/\" title=\"L\u00ea H\u1eefu Tr\u00e1c &#8211; \u00d4ng t\u1ed5 ng\u00e0nh y Vi\u1ec7t Nam\"><br \/>\n\t\t\t\t\t\t\t\t\t\t\t\t\t<img decoding=\"async\" class=\"wpucv-image-responsive\" src=\"https:\/\/museum.pctu.com.vn\/wp-content\/uploads\/2024\/03\/Le-Huu-Trac1-360x240.jpg\" srcset=\"https:\/\/museum.pctu.com.vn\/wp-content\/uploads\/2024\/03\/Le-Huu-Trac1-360x240.jpg 360w, https:\/\/museum.pctu.com.vn\/wp-content\/uploads\/2024\/03\/Le-Huu-Trac1.jpg 600w\" sizes=\"(max-width: 639px) 600w, (min-width: 640px) 360w\" title=\"L\u00ea H\u1eefu Tr\u00e1c &#8211; \u00d4ng t\u1ed5 ng\u00e0nh y Vi\u1ec7t Nam\" alt=\"L\u00ea H\u1eefu Tr\u00e1c &#8211; \u00d4ng t\u1ed5 ng\u00e0nh y Vi\u1ec7t Nam\" itemprop=\"image\"><br \/>\n\t\t\t\t\t\t\t\t\t\t\t<\/a><\/p>\n<h2 class=\"wpucv-post-title\" itemprop=\"name headline\">\n\t\t\t\t\t\t<a href=\"https:\/\/museum.pctu.com.vn\/index.php\/2024\/01\/28\/le-huu-trac-ong-to-nganh-y-viet-nam\/\">L\u00ea H\u1eefu Tr\u00e1c &#8211; \u00d4ng t\u1ed5 ng\u00e0nh y Vi\u1ec7t Nam<\/a><br \/>\n\t\t\t\t\t<\/h2>\n<div class=\"wpucv-post-meta\"><time datetime=\"2024-01-28\">January 28, 2024<\/time><\/div>\n<p class=\"wpucv-excerpt\">H\u1ea3i Th\u01b0\u1ee3ng L\u00e3n \u00d4ng &#8211; L\u00ea H\u1eefu Tr\u00e1c l\u00e0 m\u1ed9t \u0111\u1ea1i danh y, nh\u00e0 v\u0103n h\u00f3a xu\u1ea5t s\u1eafc c\u1ee7a d\u00e2n&hellip;<\/p>\n<p><a class=\" wpucv-read-more\" href=\"https:\/\/museum.pctu.com.vn\/index.php\/2024\/01\/28\/le-huu-trac-ong-to-nganh-y-viet-nam\/\" title=\"L\u00ea H\u1eefu Tr\u00e1c &#8211; \u00d4ng t\u1ed5 ng\u00e0nh y Vi\u1ec7t Nam\">T\u00ecm hi\u1ec3u th\u00eam<\/a>\t\t\t\t<\/article>\n<\/p><\/div>\n<\/p><\/div>\n<\/p><\/div>\n<div class=\"wpucv-pagination-wrapper clearfix\">\n\t\t\t\t\t\t\t\t\t<\/div>\n<\/p><\/div>\n\t\t\t\t\t\t\t\t<\/div>\n\t\t\t\t<\/div>\n\t\t\t\t\t<\/div>\n\t\t<\/div>\n\t\t\t\t\t<\/div>\n\t\t<\/section>\n\t\t\t\t<\/div>\n\t\t","protected":false},"excerpt":{"rendered":"","protected":false},"author":1,"featured_media":2408,"parent":0,"menu_order":0,"comment_status":"closed","ping_status":"closed","template":"","meta":{"footnotes":""},"class_list":["post-951","page","type-page","status-publish","has-post-thumbnail","hentry"],"_links":{"self":[{"href":"https:\/\/museum.pctu.com.vn\/index.php\/wp-json\/wp\/v2\/pages\/951","targetHints":{"allow":["GET"]}}],"collection":[{"href":"https:\/\/museum.pctu.com.vn\/index.php\/wp-json\/wp\/v2\/pages"}],"about":[{"href":"https:\/\/museum.pctu.com.vn\/index.php\/wp-json\/wp\/v2\/types\/page"}],"author":[{"embeddable":true,"href":"https:\/\/museum.pctu.com.vn\/index.php\/wp-json\/wp\/v2\/users\/1"}],"replies":[{"embeddable":true,"href":"https:\/\/museum.pctu.com.vn\/index.php\/wp-json\/wp\/v2\/comments?post=951"}],"version-history":[{"count":8,"href":"https:\/\/museum.pctu.com.vn\/index.php\/wp-json\/wp\/v2\/pages\/951\/revisions"}],"predecessor-version":[{"id":2326,"href":"https:\/\/museum.pctu.com.vn\/index.php\/wp-json\/wp\/v2\/pages\/951\/revisions\/2326"}],"wp:featuredmedia":[{"embeddable":true,"href":"https:\/\/museum.pctu.com.vn\/index.php\/wp-json\/wp\/v2\/media\/2408"}],"wp:attachment":[{"href":"https:\/\/museum.pctu.com.vn\/index.php\/wp-json\/wp\/v2\/media?parent=951"}],"curies":[{"name":"wp","href":"https:\/\/api.w.org\/{rel}","templated":true}]}}